{"id":821,"date":"2019-09-23T13:32:58","date_gmt":"2019-09-23T11:32:58","guid":{"rendered":"http:\/\/schmierstoffe-grund.de\/?page_id=821"},"modified":"2019-09-23T13:34:33","modified_gmt":"2019-09-23T11:34:33","slug":"hydraulikoel","status":"publish","type":"page","link":"https:\/\/schmierstoffe-grund.de\/?page_id=821","title":{"rendered":"Hydraulik\u00f6l"},"content":{"rendered":"\t\t<div data-elementor-type=\"wp-post\" data-elementor-id=\"821\" class=\"elementor elementor-821\">\n\t\t\t\t\t\t<div class=\"elementor-inner\">\n\t\t\t\t<div class=\"elementor-section-wrap\">\n\t\t\t\t\t\t\t\t\t<section class=\"elementor-section elementor-top-section elementor-element elementor-element-86e90d6 elementor-section-boxed elementor-section-height-default elementor-section-height-default\" data-id=\"86e90d6\" data-element_type=\"section\">\n\t\t\t\t\t\t<div class=\"elementor-container elementor-column-gap-default\">\n\t\t\t\t\t\t\t<div class=\"elementor-row\">\n\t\t\t\t\t<div class=\"elementor-column elementor-col-100 elementor-top-column elementor-element elementor-element-5838076\" data-id=\"5838076\" data-element_type=\"column\">\n\t\t\t<div class=\"elementor-column-wrap elementor-element-populated\">\n\t\t\t\t\t\t\t<div class=\"elementor-widget-wrap\">\n\t\t\t\t\t\t<div class=\"elementor-element elementor-element-c960f02 elementor-widget elementor-widget-image\" data-id=\"c960f02\" data-element_type=\"widget\" data-widget_type=\"image.default\">\n\t\t\t\t<div class=\"elementor-widget-container\">\n\t\t\t\t\t\t\t\t<div class=\"elementor-image\">\n\t\t\t\t\t\t\t\t\t\t\t\t<img decoding=\"async\" src=\"https:\/\/schmierstoffe-grund.de\/wp-content\/uploads\/elementor\/thumbs\/118649455-Produktseite-Hydraulik-oe1nhb7tebpmuq80dvnbw1lolu3y1dd8cw3yckdg9s.jpg\" title=\"Hydraulik\" alt=\"Hydraulik\" \/>\t\t\t\t\t\t\t\t\t\t\t\t\t\t<\/div>\n\t\t\t\t\t\t<\/div>\n\t\t\t\t<\/div>\n\t\t\t\t\t\t<\/div>\n\t\t\t\t\t<\/div>\n\t\t<\/div>\n\t\t\t\t\t\t\t\t<\/div>\n\t\t\t\t\t<\/div>\n\t\t<\/section>\n\t\t\t\t<section class=\"elementor-section elementor-top-section elementor-element elementor-element-1d347f5 elementor-section-boxed elementor-section-height-default elementor-section-height-default\" data-id=\"1d347f5\" data-element_type=\"section\">\n\t\t\t\t\t\t<div class=\"elementor-container elementor-column-gap-default\">\n\t\t\t\t\t\t\t<div class=\"elementor-row\">\n\t\t\t\t\t<div class=\"elementor-column elementor-col-100 elementor-top-column elementor-element elementor-element-deb7eba\" data-id=\"deb7eba\" data-element_type=\"column\">\n\t\t\t<div class=\"elementor-column-wrap elementor-element-populated\">\n\t\t\t\t\t\t\t<div class=\"elementor-widget-wrap\">\n\t\t\t\t\t\t<div class=\"elementor-element elementor-element-4485c21 elementor-widget elementor-widget-text-editor\" data-id=\"4485c21\" data-element_type=\"widget\" data-widget_type=\"text-editor.default\">\n\t\t\t\t<div class=\"elementor-widget-container\">\n\t\t\t\t\t\t\t\t<div class=\"elementor-text-editor elementor-clearfix\">\n\t\t\t\t<h1 class=\"elementor-heading-title elementor-size-default elementor-inline-editing pen\" style=\"margin: 0px; font-family: Roboto, sans-serif; font-weight: 600; line-height: 1; color: #fbba1e; padding: 0px; text-align: center;\" data-pen-placeholder=\"Eingabe hier...\" data-elementor-setting-key=\"title\"><img loading=\"lazy\" decoding=\"async\" class=\"alignnone wp-image-382 size-full\" src=\"https:\/\/schmierstoffe-grund.de\/wp-content\/uploads\/2019\/07\/081718_GRU_Icon_3_Hydraulik_rgb_RZ.png\" alt=\"\" width=\"96\" height=\"96\" \/><\/h1>\n<h1 class=\"elementor-heading-title elementor-size-default elementor-inline-editing pen\" style=\"margin: 0px; font-family: Roboto, sans-serif; font-weight: 600; line-height: 1; color: #fbba1e; padding: 0px; text-align: center;\" data-pen-placeholder=\"Eingabe hier...\" data-elementor-setting-key=\"title\"> Hydraulik\u00f6l <\/h1>\t\t\t\t\t<\/div>\n\t\t\t\t\t\t<\/div>\n\t\t\t\t<\/div>\n\t\t\t\t\t\t<\/div>\n\t\t\t\t\t<\/div>\n\t\t<\/div>\n\t\t\t\t\t\t\t\t<\/div>\n\t\t\t\t\t<\/div>\n\t\t<\/section>\n\t\t\t\t<section class=\"elementor-section elementor-top-section elementor-element elementor-element-84dfacc elementor-section-boxed elementor-section-height-default elementor-section-height-default\" data-id=\"84dfacc\" data-element_type=\"section\">\n\t\t\t\t\t\t<div class=\"elementor-container elementor-column-gap-wide\">\n\t\t\t\t\t\t\t<div class=\"elementor-row\">\n\t\t\t\t\t<div class=\"elementor-column elementor-col-100 elementor-top-column elementor-element elementor-element-12174205\" data-id=\"12174205\" data-element_type=\"column\" data-settings=\"{&quot;background_background&quot;:&quot;classic&quot;}\">\n\t\t\t<div class=\"elementor-column-wrap elementor-element-populated\">\n\t\t\t\t\t\t\t<div class=\"elementor-widget-wrap\">\n\t\t\t\t\t\t<div class=\"elementor-element elementor-element-5e2b0e95 elementor-widget elementor-widget-text-editor\" data-id=\"5e2b0e95\" data-element_type=\"widget\" data-widget_type=\"text-editor.default\">\n\t\t\t\t<div class=\"elementor-widget-container\">\n\t\t\t\t\t\t\t\t<div class=\"elementor-text-editor elementor-clearfix\">\n\t\t\t\t<p style=\"text-align: center;\">Hydraulik\u00f6l ist ein hoch belastetes Betriebsmittel.<\/p><p style=\"text-align: center;\"><br \/>Das \u00d6l hat in hydraulischen Systemen eine dreifache Funktion:<br \/>Seine prim\u00e4re Aufgabe ist es, den hydraulischen Druck und damit auch die Kraft zu \u00fcbertragen. Die zweite wichtige Aufgabe des Hydraulik\u00f6ls ist die Schmierung der beweglichen Bauteile. Schlie\u00dflich spielt das \u00d6l in hydraulischen Anlagen auch eine wichtige Rolle bei der W\u00e4rmeabfuhr.<\/p><p style=\"text-align: center;\">Es ist bei der Auswahl des richtigen \u00d6ls sehr wichtig, die Einsatzbedingungen des hydraulischen Systems genau zu kennen. Die Viskosit\u00e4t von Hydraulik\u00f6l kann je nach Einsatzbedingungen sehr stark schwanken. Um so wichtiger ist eine sorgf\u00e4ltige Wahl des richtigen Hydraulik\u00f6ls.<\/p>\t\t\t\t\t<\/div>\n\t\t\t\t\t\t<\/div>\n\t\t\t\t<\/div>\n\t\t\t\t\t\t<\/div>\n\t\t\t\t\t<\/div>\n\t\t<\/div>\n\t\t\t\t\t\t\t\t<\/div>\n\t\t\t\t\t<\/div>\n\t\t<\/section>\n\t\t\t\t<section class=\"elementor-section elementor-top-section elementor-element elementor-element-5ff64cb4 elementor-reverse-mobile elementor-section-boxed elementor-section-height-default elementor-section-height-default\" data-id=\"5ff64cb4\" data-element_type=\"section\">\n\t\t\t\t\t\t<div class=\"elementor-container elementor-column-gap-wide\">\n\t\t\t\t\t\t\t<div class=\"elementor-row\">\n\t\t\t\t\t<div class=\"elementor-column elementor-col-100 elementor-top-column elementor-element elementor-element-38174ef2\" data-id=\"38174ef2\" data-element_type=\"column\">\n\t\t\t<div class=\"elementor-column-wrap elementor-element-populated\">\n\t\t\t\t\t\t\t<div class=\"elementor-widget-wrap\">\n\t\t\t\t\t\t<div class=\"elementor-element elementor-element-218316d3 elementor-widget elementor-widget-text-editor\" data-id=\"218316d3\" data-element_type=\"widget\" data-widget_type=\"text-editor.default\">\n\t\t\t\t<div class=\"elementor-widget-container\">\n\t\t\t\t\t\t\t\t<div class=\"elementor-text-editor elementor-clearfix\">\n\t\t\t\t<h3 style=\"text-align: center;\"><span style=\"font-weight: bolder;\">Gerne beraten wir Sie telefonisch, per Mail oder vor Ort, um das passende Hydraulik\u00f6l fu\u0308r Sie herauszusuchen.<\/span><\/h3>\t\t\t\t\t<\/div>\n\t\t\t\t\t\t<\/div>\n\t\t\t\t<\/div>\n\t\t\t\t<div class=\"elementor-element elementor-element-734d9d54 elementor-align-center elementor-widget elementor-widget-button\" data-id=\"734d9d54\" data-element_type=\"widget\" data-widget_type=\"button.default\">\n\t\t\t\t<div class=\"elementor-widget-container\">\n\t\t\t\t\t<div class=\"elementor-button-wrapper\">\n\t\t\t<a href=\"https:\/\/schmierstoffe-grund.de\/?page_id=256\" class=\"elementor-button-link elementor-button elementor-size-lg\" role=\"button\">\n\t\t\t\t\t\t<span class=\"elementor-button-content-wrapper\">\n\t\t\t\t\t\t<span class=\"elementor-button-text\">Kontakt<\/span>\n\t\t<\/span>\n\t\t\t\t\t<\/a>\n\t\t<\/div>\n\t\t\t\t<\/div>\n\t\t\t\t<\/div>\n\t\t\t\t\t\t<\/div>\n\t\t\t\t\t<\/div>\n\t\t<\/div>\n\t\t\t\t\t\t\t\t<\/div>\n\t\t\t\t\t<\/div>\n\t\t<\/section>\n\t\t\t\t\t\t\t\t\t<\/div>\n\t\t\t<\/div>\n\t\t\t\t\t<\/div>\n\t\t","protected":false},"excerpt":{"rendered":"<p>Hydraulik\u00f6l Hydraulik\u00f6l ist ein hoch belastetes Betriebsmittel. Das \u00d6l hat in hydraulischen Systemen eine dreifache Funktion:Seine prim\u00e4re Aufgabe ist es, den hydraulischen Druck und damit auch die Kraft zu \u00fcbertragen. Die zweite wichtige Aufgabe des Hydraulik\u00f6ls ist die Schmierung der beweglichen Bauteile. Schlie\u00dflich spielt das \u00d6l in hydraulischen Anlagen auch eine wichtige Rolle bei der [&hellip;]<\/p>\n","protected":false},"author":1,"featured_media":0,"parent":0,"menu_order":0,"comment_status":"closed","ping_status":"closed","template":"elementor_header_footer","meta":{"footnotes":""},"class_list":["post-821","page","type-page","status-publish","hentry"],"yoast_head":"<!-- This site is optimized with the Yoast SEO plugin v19.12 - https:\/\/yoast.com\/wordpress\/plugins\/seo\/ -->\n<title>Hydraulik\u00f6l - GRUND GmbH<\/title>\n<meta name=\"robots\" content=\"index, follow, max-snippet:-1, max-image-preview:large, max-video-preview:-1\" \/>\n<link rel=\"canonical\" href=\"https:\/\/schmierstoffe-grund.de\/?page_id=821\" \/>\n<meta property=\"og:locale\" content=\"de_DE\" \/>\n<meta property=\"og:type\" content=\"article\" \/>\n<meta property=\"og:title\" content=\"Hydraulik\u00f6l - GRUND GmbH\" \/>\n<meta property=\"og:description\" content=\"Hydraulik\u00f6l Hydraulik\u00f6l ist ein hoch belastetes Betriebsmittel. Das \u00d6l hat in hydraulischen Systemen eine dreifache Funktion:Seine prim\u00e4re Aufgabe ist es, den hydraulischen Druck und damit auch die Kraft zu \u00fcbertragen. Die zweite wichtige Aufgabe des Hydraulik\u00f6ls ist die Schmierung der beweglichen Bauteile. Schlie\u00dflich spielt das \u00d6l in hydraulischen Anlagen auch eine wichtige Rolle bei der [&hellip;]\" \/>\n<meta property=\"og:url\" content=\"https:\/\/schmierstoffe-grund.de\/?page_id=821\" \/>\n<meta property=\"og:site_name\" content=\"GRUND GmbH\" \/>\n<meta property=\"article:publisher\" content=\"https:\/\/www.facebook.com\/schmierstoffexperten\/\" \/>\n<meta property=\"article:modified_time\" content=\"2019-09-23T11:34:33+00:00\" \/>\n<meta property=\"og:image\" content=\"https:\/\/schmierstoffe-grund.de\/wp-content\/uploads\/elementor\/thumbs\/118649455-Produktseite-Hydraulik-oe1nhb7tebpmuq80dvnbw1lolu3y1dd8cw3yckdg9s.jpg\" \/>\n<meta name=\"twitter:card\" content=\"summary_large_image\" \/>\n<meta name=\"twitter:label1\" content=\"Gesch\u00e4tzte Lesezeit\" \/>\n\t<meta name=\"twitter:data1\" content=\"1\u00a0Minute\" \/>\n<script type=\"application\/ld+json\" class=\"yoast-schema-graph\">{\"@context\":\"https:\/\/schema.org\",\"@graph\":[{\"@type\":\"WebPage\",\"@id\":\"https:\/\/schmierstoffe-grund.de\/?page_id=821\",\"url\":\"https:\/\/schmierstoffe-grund.de\/?page_id=821\",\"name\":\"Hydraulik\u00f6l - GRUND GmbH\",\"isPartOf\":{\"@id\":\"https:\/\/schmierstoffe-grund.de\/#website\"},\"datePublished\":\"2019-09-23T11:32:58+00:00\",\"dateModified\":\"2019-09-23T11:34:33+00:00\",\"breadcrumb\":{\"@id\":\"https:\/\/schmierstoffe-grund.de\/?page_id=821#breadcrumb\"},\"inLanguage\":\"de\",\"potentialAction\":[{\"@type\":\"ReadAction\",\"target\":[\"https:\/\/schmierstoffe-grund.de\/?page_id=821\"]}]},{\"@type\":\"BreadcrumbList\",\"@id\":\"https:\/\/schmierstoffe-grund.de\/?page_id=821#breadcrumb\",\"itemListElement\":[{\"@type\":\"ListItem\",\"position\":1,\"name\":\"Startseite\",\"item\":\"https:\/\/schmierstoffe-grund.de\/\"},{\"@type\":\"ListItem\",\"position\":2,\"name\":\"Hydraulik\u00f6l\"}]},{\"@type\":\"WebSite\",\"@id\":\"https:\/\/schmierstoffe-grund.de\/#website\",\"url\":\"https:\/\/schmierstoffe-grund.de\/\",\"name\":\"GRUND GmbH\",\"description\":\"Bewegung braucht Schmierung\",\"potentialAction\":[{\"@type\":\"SearchAction\",\"target\":{\"@type\":\"EntryPoint\",\"urlTemplate\":\"https:\/\/schmierstoffe-grund.de\/?s={search_term_string}\"},\"query-input\":\"required name=search_term_string\"}],\"inLanguage\":\"de\"}]}<\/script>\n<!-- \/ Yoast SEO plugin. -->","yoast_head_json":{"title":"Hydraulik\u00f6l - GRUND GmbH","robots":{"index":"index","follow":"follow","max-snippet":"max-snippet:-1","max-image-preview":"max-image-preview:large","max-video-preview":"max-video-preview:-1"},"canonical":"https:\/\/schmierstoffe-grund.de\/?page_id=821","og_locale":"de_DE","og_type":"article","og_title":"Hydraulik\u00f6l - GRUND GmbH","og_description":"Hydraulik\u00f6l Hydraulik\u00f6l ist ein hoch belastetes Betriebsmittel. Das \u00d6l hat in hydraulischen Systemen eine dreifache Funktion:Seine prim\u00e4re Aufgabe ist es, den hydraulischen Druck und damit auch die Kraft zu \u00fcbertragen. Die zweite wichtige Aufgabe des Hydraulik\u00f6ls ist die Schmierung der beweglichen Bauteile. Schlie\u00dflich spielt das \u00d6l in hydraulischen Anlagen auch eine wichtige Rolle bei der [&hellip;]","og_url":"https:\/\/schmierstoffe-grund.de\/?page_id=821","og_site_name":"GRUND GmbH","article_publisher":"https:\/\/www.facebook.com\/schmierstoffexperten\/","article_modified_time":"2019-09-23T11:34:33+00:00","og_image":[{"url":"https:\/\/schmierstoffe-grund.de\/wp-content\/uploads\/elementor\/thumbs\/118649455-Produktseite-Hydraulik-oe1nhb7tebpmuq80dvnbw1lolu3y1dd8cw3yckdg9s.jpg"}],"twitter_card":"summary_large_image","twitter_misc":{"Gesch\u00e4tzte Lesezeit":"1\u00a0Minute"},"schema":{"@context":"https:\/\/schema.org","@graph":[{"@type":"WebPage","@id":"https:\/\/schmierstoffe-grund.de\/?page_id=821","url":"https:\/\/schmierstoffe-grund.de\/?page_id=821","name":"Hydraulik\u00f6l - GRUND GmbH","isPartOf":{"@id":"https:\/\/schmierstoffe-grund.de\/#website"},"datePublished":"2019-09-23T11:32:58+00:00","dateModified":"2019-09-23T11:34:33+00:00","breadcrumb":{"@id":"https:\/\/schmierstoffe-grund.de\/?page_id=821#breadcrumb"},"inLanguage":"de","potentialAction":[{"@type":"ReadAction","target":["https:\/\/schmierstoffe-grund.de\/?page_id=821"]}]},{"@type":"BreadcrumbList","@id":"https:\/\/schmierstoffe-grund.de\/?page_id=821#breadcrumb","itemListElement":[{"@type":"ListItem","position":1,"name":"Startseite","item":"https:\/\/schmierstoffe-grund.de\/"},{"@type":"ListItem","position":2,"name":"Hydraulik\u00f6l"}]},{"@type":"WebSite","@id":"https:\/\/schmierstoffe-grund.de\/#website","url":"https:\/\/schmierstoffe-grund.de\/","name":"GRUND GmbH","description":"Bewegung braucht Schmierung","potentialAction":[{"@type":"SearchAction","target":{"@type":"EntryPoint","urlTemplate":"https:\/\/schmierstoffe-grund.de\/?s={search_term_string}"},"query-input":"required name=search_term_string"}],"inLanguage":"de"}]}},"_links":{"self":[{"href":"https:\/\/schmierstoffe-grund.de\/index.php?rest_route=\/wp\/v2\/pages\/821","targetHints":{"allow":["GET"]}}],"collection":[{"href":"https:\/\/schmierstoffe-grund.de\/index.php?rest_route=\/wp\/v2\/pages"}],"about":[{"href":"https:\/\/schmierstoffe-grund.de\/index.php?rest_route=\/wp\/v2\/types\/page"}],"author":[{"embeddable":true,"href":"https:\/\/schmierstoffe-grund.de\/index.php?rest_route=\/wp\/v2\/users\/1"}],"replies":[{"embeddable":true,"href":"https:\/\/schmierstoffe-grund.de\/index.php?rest_route=%2Fwp%2Fv2%2Fcomments&post=821"}],"version-history":[{"count":2,"href":"https:\/\/schmierstoffe-grund.de\/index.php?rest_route=\/wp\/v2\/pages\/821\/revisions"}],"predecessor-version":[{"id":823,"href":"https:\/\/schmierstoffe-grund.de\/index.php?rest_route=\/wp\/v2\/pages\/821\/revisions\/823"}],"wp:attachment":[{"href":"https:\/\/schmierstoffe-grund.de\/index.php?rest_route=%2Fwp%2Fv2%2Fmedia&parent=821"}],"curies":[{"name":"wp","href":"https:\/\/api.w.org\/{rel}","templated":true}]}}