{"id":496,"date":"2019-07-29T14:00:40","date_gmt":"2019-07-29T12:00:40","guid":{"rendered":"http:\/\/schmierstoffe-grund.de\/?page_id=496"},"modified":"2019-09-30T14:50:48","modified_gmt":"2019-09-30T12:50:48","slug":"impressum","status":"publish","type":"page","link":"https:\/\/schmierstoffe-grund.de\/?page_id=496","title":{"rendered":"Impressum"},"content":{"rendered":"\t\t<div data-elementor-type=\"wp-post\" data-elementor-id=\"496\" class=\"elementor elementor-496\">\n\t\t\t\t\t\t<div class=\"elementor-inner\">\n\t\t\t\t<div class=\"elementor-section-wrap\">\n\t\t\t\t\t\t\t\t\t<section class=\"elementor-section elementor-top-section elementor-element elementor-element-a1bf8cc elementor-section-boxed elementor-section-height-default elementor-section-height-default\" data-id=\"a1bf8cc\" data-element_type=\"section\">\n\t\t\t\t\t\t<div class=\"elementor-container elementor-column-gap-default\">\n\t\t\t\t\t\t\t<div class=\"elementor-row\">\n\t\t\t\t\t<div class=\"elementor-column elementor-col-100 elementor-top-column elementor-element elementor-element-9904fb4\" data-id=\"9904fb4\" data-element_type=\"column\">\n\t\t\t<div class=\"elementor-column-wrap elementor-element-populated\">\n\t\t\t\t\t\t\t<div class=\"elementor-widget-wrap\">\n\t\t\t\t\t\t<div class=\"elementor-element elementor-element-b0118d1 elementor-widget elementor-widget-heading\" data-id=\"b0118d1\" data-element_type=\"widget\" data-widget_type=\"heading.default\">\n\t\t\t\t<div class=\"elementor-widget-container\">\n\t\t\t<h2 class=\"elementor-heading-title elementor-size-default\">Impressum<\/h2>\t\t<\/div>\n\t\t\t\t<\/div>\n\t\t\t\t<div class=\"elementor-element elementor-element-7eb34cd elementor-widget elementor-widget-text-editor\" data-id=\"7eb34cd\" data-element_type=\"widget\" data-widget_type=\"text-editor.default\">\n\t\t\t\t<div class=\"elementor-widget-container\">\n\t\t\t\t\t\t\t\t<div class=\"elementor-text-editor elementor-clearfix\">\n\t\t\t\t<p>GRUND GmbH<br \/>Werksvertretungen<br \/>Hauptstra\u00dfe 54<br \/>65558 Oberneisen<\/p><p>Telefon: 06430 7280<\/p><p>E-Mail: info@schmierstoffe-grund.de<br \/>Internet: www.schmierstoffe-grund.de<\/p><p>Ust-IdNr.: DE320020549<\/p><p>Inhaltlich Verantwortlicher gem\u00e4\u00df \u00a7 6 MDStV: Michael Grund<br \/>Alle Rechte bei GRUND GmbH; auch f\u00fcr den Fall von Schutzrechtsanmeldungen. Jede Verf\u00fcgungsbefugnis, wie Kopier- und Weitergaberechte bei uns.<\/p><p><b>Nutzungshinweise \/ externe Angebote<\/b><br \/>Sofern von www.schmierstoffe-grund.de oder deren Unterseiten auf andere URL oder Seiten verwiesen wird (Hyperlinks), ist hiermit regelm\u00e4\u00dfig keine Aussage oder Meinung in Bezug auf die angelinkten, fremden Inhalte verbunden, insbesondere werden diese fremden Inhalte nicht zu eigen gemacht. Bitte teilen Sie uns mit, wenn Sie feststellen sollten, dass der Verweis oder der hinter einem Link liegende Inhalt nicht korrekt, aktuell oder sonst zu beanstanden ist.<\/p><p>Das Anbringen von Links mit Verweis auf Inhalte von www.schmierstoffe-grund.de oder bedarf unserer vorherigen Zustimmung, es sei denn, es handelt sich um einfache Hyperlinks.<\/p><p><b>Bildquellen und -rechte<\/b><br \/>GRUND GmbH, Fotolia Deutschland (www.fotolia.de), Adobe Stock, Pixabay GmbH (www.pixabay.com)<\/p><p><b>Urheberrecht<\/b><br \/>Falls nicht anders angegeben, unterliegen alle Seiten des Web-Angebotes von www.schmierstoffe-grund.de insbesondere Texte, Bilder, Grafiken, Ton-, Video- und Animationsdateien dem Urheberrecht. Eine Vervielf\u00e4ltigung, Ver\u00f6ffentlichung oder sonstige Verwendung solcher Seiten, oder Teilen davon, in elektronischen oder gedruckten Publikationen, auch im Internet, oder zu unternehmerischen Zwecken ist nur nach vorheriger Zustimmung gestattet. Das gilt f\u00fcr alle Inhalte unabh\u00e4ngig von Dateiformat und f\u00fcr alle Formen der Verwertung. Unzul\u00e4ssig ist das automatische oder sonst nicht vom individuellen Interesse an dem jeweiligen Inhalt gepr\u00e4gte Auslesen des Archivs oder anderer Datenbanken dieser Seiten zum Zwecke der Speicherung.<\/p><p>Die Inhalte d\u00fcrfen ohne gesonderte Einwilligung lediglich f\u00fcr den privaten, nicht gewerblichen oder ausschlie\u00dflich von www.schmierstoffe-grund.de internen abgerufen, heruntergeladen, gespeichert und ausgedruckt werden, wenn alle urheberrechtlichen (z.B. Quellenangaben) und anderen gesch\u00e4tzten Hinweise in Bezug auf die Inhalte und die Inhalte selbst unver\u00e4ndert beibehalten werden. Als Quelle ist die Internet-Adresse von www.schmierstoffe-grund.de zu nennen. Die Urheberrechte verbleiben bei www.schmierstoffe-grund.de.<\/p><p><b>Datenschutz<\/b><br \/>Bei jeder Anforderung einer Internetdatei werden zu Auswertungs- und Statistikzwecken Zugriffsdaten (Anforderungsseite, aufgerufener Dateiname, Datum und Uhrzeit der Anforderung, Browser, Zugriffsstatus und IP-Adresse des anfordernden Rechners) gespeichert. Ein Abgleich dieser Daten mit anderen Datenbest\u00e4nden, insbesondere ein Bezug zu individuellen Personen, oder eine Weitergabe an Dritte ist ausgeschlossen.<\/p><p>Im Falle von Bestellungen oder Feedback werden die angegebenen pers\u00f6nlichen Daten nur f\u00fcr die \u00dcbersendung der gew\u00fcnschten Ver\u00f6ffentlichungen oder Informationen oder die bei den einzelnen Formularen explizit genannten anderen Zwecke verarbeitet und nicht an Dritte weitergegeben.<\/p>\t\t\t\t\t<\/div>\n\t\t\t\t\t\t<\/div>\n\t\t\t\t<\/div>\n\t\t\t\t\t\t<\/div>\n\t\t\t\t\t<\/div>\n\t\t<\/div>\n\t\t\t\t\t\t\t\t<\/div>\n\t\t\t\t\t<\/div>\n\t\t<\/section>\n\t\t\t\t\t\t\t\t\t<\/div>\n\t\t\t<\/div>\n\t\t\t\t\t<\/div>\n\t\t","protected":false},"excerpt":{"rendered":"<p>Impressum GRUND GmbHWerksvertretungenHauptstra\u00dfe 5465558 Oberneisen Telefon: 06430 7280 E-Mail: info@schmierstoffe-grund.deInternet: www.schmierstoffe-grund.de Ust-IdNr.: DE320020549 Inhaltlich Verantwortlicher gem\u00e4\u00df \u00a7 6 MDStV: Michael GrundAlle Rechte bei GRUND GmbH; auch f\u00fcr den Fall von Schutzrechtsanmeldungen. Jede Verf\u00fcgungsbefugnis, wie Kopier- und Weitergaberechte bei uns. Nutzungshinweise \/ externe AngeboteSofern von www.schmierstoffe-grund.de oder deren Unterseiten auf andere URL oder Seiten verwiesen wird [&hellip;]<\/p>\n","protected":false},"author":1,"featured_media":0,"parent":0,"menu_order":0,"comment_status":"closed","ping_status":"closed","template":"elementor_header_footer","meta":{"footnotes":""},"class_list":["post-496","page","type-page","status-publish","hentry"],"yoast_head":"<!-- This site is optimized with the Yoast SEO plugin v19.12 - https:\/\/yoast.com\/wordpress\/plugins\/seo\/ -->\n<title>Impressum - GRUND GmbH<\/title>\n<meta name=\"robots\" content=\"index, follow, max-snippet:-1, max-image-preview:large, max-video-preview:-1\" \/>\n<link rel=\"canonical\" href=\"https:\/\/schmierstoffe-grund.de\/?page_id=496\" \/>\n<meta property=\"og:locale\" content=\"de_DE\" \/>\n<meta property=\"og:type\" content=\"article\" \/>\n<meta property=\"og:title\" content=\"Impressum - GRUND GmbH\" \/>\n<meta property=\"og:description\" content=\"Impressum GRUND GmbHWerksvertretungenHauptstra\u00dfe 5465558 Oberneisen Telefon: 06430 7280 E-Mail: info@schmierstoffe-grund.deInternet: www.schmierstoffe-grund.de Ust-IdNr.: DE320020549 Inhaltlich Verantwortlicher gem\u00e4\u00df \u00a7 6 MDStV: Michael GrundAlle Rechte bei GRUND GmbH; auch f\u00fcr den Fall von Schutzrechtsanmeldungen. Jede Verf\u00fcgungsbefugnis, wie Kopier- und Weitergaberechte bei uns. Nutzungshinweise \/ externe AngeboteSofern von www.schmierstoffe-grund.de oder deren Unterseiten auf andere URL oder Seiten verwiesen wird [&hellip;]\" \/>\n<meta property=\"og:url\" content=\"https:\/\/schmierstoffe-grund.de\/?page_id=496\" \/>\n<meta property=\"og:site_name\" content=\"GRUND GmbH\" \/>\n<meta property=\"article:publisher\" content=\"https:\/\/www.facebook.com\/schmierstoffexperten\/\" \/>\n<meta property=\"article:modified_time\" content=\"2019-09-30T12:50:48+00:00\" \/>\n<meta name=\"twitter:card\" content=\"summary_large_image\" \/>\n<meta name=\"twitter:label1\" content=\"Gesch\u00e4tzte Lesezeit\" \/>\n\t<meta name=\"twitter:data1\" content=\"2\u00a0Minuten\" \/>\n<script type=\"application\/ld+json\" class=\"yoast-schema-graph\">{\"@context\":\"https:\/\/schema.org\",\"@graph\":[{\"@type\":\"WebPage\",\"@id\":\"https:\/\/schmierstoffe-grund.de\/?page_id=496\",\"url\":\"https:\/\/schmierstoffe-grund.de\/?page_id=496\",\"name\":\"Impressum - GRUND GmbH\",\"isPartOf\":{\"@id\":\"https:\/\/schmierstoffe-grund.de\/#website\"},\"datePublished\":\"2019-07-29T12:00:40+00:00\",\"dateModified\":\"2019-09-30T12:50:48+00:00\",\"breadcrumb\":{\"@id\":\"https:\/\/schmierstoffe-grund.de\/?page_id=496#breadcrumb\"},\"inLanguage\":\"de\",\"potentialAction\":[{\"@type\":\"ReadAction\",\"target\":[\"https:\/\/schmierstoffe-grund.de\/?page_id=496\"]}]},{\"@type\":\"BreadcrumbList\",\"@id\":\"https:\/\/schmierstoffe-grund.de\/?page_id=496#breadcrumb\",\"itemListElement\":[{\"@type\":\"ListItem\",\"position\":1,\"name\":\"Startseite\",\"item\":\"https:\/\/schmierstoffe-grund.de\/\"},{\"@type\":\"ListItem\",\"position\":2,\"name\":\"Impressum\"}]},{\"@type\":\"WebSite\",\"@id\":\"https:\/\/schmierstoffe-grund.de\/#website\",\"url\":\"https:\/\/schmierstoffe-grund.de\/\",\"name\":\"GRUND GmbH\",\"description\":\"Bewegung braucht Schmierung\",\"potentialAction\":[{\"@type\":\"SearchAction\",\"target\":{\"@type\":\"EntryPoint\",\"urlTemplate\":\"https:\/\/schmierstoffe-grund.de\/?s={search_term_string}\"},\"query-input\":\"required name=search_term_string\"}],\"inLanguage\":\"de\"}]}<\/script>\n<!-- \/ Yoast SEO plugin. -->","yoast_head_json":{"title":"Impressum - GRUND GmbH","robots":{"index":"index","follow":"follow","max-snippet":"max-snippet:-1","max-image-preview":"max-image-preview:large","max-video-preview":"max-video-preview:-1"},"canonical":"https:\/\/schmierstoffe-grund.de\/?page_id=496","og_locale":"de_DE","og_type":"article","og_title":"Impressum - GRUND GmbH","og_description":"Impressum GRUND GmbHWerksvertretungenHauptstra\u00dfe 5465558 Oberneisen Telefon: 06430 7280 E-Mail: info@schmierstoffe-grund.deInternet: www.schmierstoffe-grund.de Ust-IdNr.: DE320020549 Inhaltlich Verantwortlicher gem\u00e4\u00df \u00a7 6 MDStV: Michael GrundAlle Rechte bei GRUND GmbH; auch f\u00fcr den Fall von Schutzrechtsanmeldungen. Jede Verf\u00fcgungsbefugnis, wie Kopier- und Weitergaberechte bei uns. Nutzungshinweise \/ externe AngeboteSofern von www.schmierstoffe-grund.de oder deren Unterseiten auf andere URL oder Seiten verwiesen wird [&hellip;]","og_url":"https:\/\/schmierstoffe-grund.de\/?page_id=496","og_site_name":"GRUND GmbH","article_publisher":"https:\/\/www.facebook.com\/schmierstoffexperten\/","article_modified_time":"2019-09-30T12:50:48+00:00","twitter_card":"summary_large_image","twitter_misc":{"Gesch\u00e4tzte Lesezeit":"2\u00a0Minuten"},"schema":{"@context":"https:\/\/schema.org","@graph":[{"@type":"WebPage","@id":"https:\/\/schmierstoffe-grund.de\/?page_id=496","url":"https:\/\/schmierstoffe-grund.de\/?page_id=496","name":"Impressum - GRUND GmbH","isPartOf":{"@id":"https:\/\/schmierstoffe-grund.de\/#website"},"datePublished":"2019-07-29T12:00:40+00:00","dateModified":"2019-09-30T12:50:48+00:00","breadcrumb":{"@id":"https:\/\/schmierstoffe-grund.de\/?page_id=496#breadcrumb"},"inLanguage":"de","potentialAction":[{"@type":"ReadAction","target":["https:\/\/schmierstoffe-grund.de\/?page_id=496"]}]},{"@type":"BreadcrumbList","@id":"https:\/\/schmierstoffe-grund.de\/?page_id=496#breadcrumb","itemListElement":[{"@type":"ListItem","position":1,"name":"Startseite","item":"https:\/\/schmierstoffe-grund.de\/"},{"@type":"ListItem","position":2,"name":"Impressum"}]},{"@type":"WebSite","@id":"https:\/\/schmierstoffe-grund.de\/#website","url":"https:\/\/schmierstoffe-grund.de\/","name":"GRUND GmbH","description":"Bewegung braucht Schmierung","potentialAction":[{"@type":"SearchAction","target":{"@type":"EntryPoint","urlTemplate":"https:\/\/schmierstoffe-grund.de\/?s={search_term_string}"},"query-input":"required name=search_term_string"}],"inLanguage":"de"}]}},"_links":{"self":[{"href":"https:\/\/schmierstoffe-grund.de\/index.php?rest_route=\/wp\/v2\/pages\/496","targetHints":{"allow":["GET"]}}],"collection":[{"href":"https:\/\/schmierstoffe-grund.de\/index.php?rest_route=\/wp\/v2\/pages"}],"about":[{"href":"https:\/\/schmierstoffe-grund.de\/index.php?rest_route=\/wp\/v2\/types\/page"}],"author":[{"embeddable":true,"href":"https:\/\/schmierstoffe-grund.de\/index.php?rest_route=\/wp\/v2\/users\/1"}],"replies":[{"embeddable":true,"href":"https:\/\/schmierstoffe-grund.de\/index.php?rest_route=%2Fwp%2Fv2%2Fcomments&post=496"}],"version-history":[{"count":5,"href":"https:\/\/schmierstoffe-grund.de\/index.php?rest_route=\/wp\/v2\/pages\/496\/revisions"}],"predecessor-version":[{"id":902,"href":"https:\/\/schmierstoffe-grund.de\/index.php?rest_route=\/wp\/v2\/pages\/496\/revisions\/902"}],"wp:attachment":[{"href":"https:\/\/schmierstoffe-grund.de\/index.php?rest_route=%2Fwp%2Fv2%2Fmedia&parent=496"}],"curies":[{"name":"wp","href":"https:\/\/api.w.org\/{rel}","templated":true}]}}