{"id":421,"date":"2019-07-29T12:56:28","date_gmt":"2019-07-29T10:56:28","guid":{"rendered":"http:\/\/schmierstoffe-grund.de\/?page_id=421"},"modified":"2019-09-20T15:04:22","modified_gmt":"2019-09-20T13:04:22","slug":"motoroel-lkw","status":"publish","type":"page","link":"https:\/\/schmierstoffe-grund.de\/?page_id=421","title":{"rendered":"Motor\u00f6le LKW"},"content":{"rendered":"\t\t<div data-elementor-type=\"wp-post\" data-elementor-id=\"421\" class=\"elementor elementor-421\">\n\t\t\t\t\t\t<div class=\"elementor-inner\">\n\t\t\t\t<div class=\"elementor-section-wrap\">\n\t\t\t\t\t\t\t\t\t<section class=\"elementor-section elementor-top-section elementor-element elementor-element-74ed9c19 elementor-section-boxed elementor-section-height-default elementor-section-height-default\" data-id=\"74ed9c19\" data-element_type=\"section\">\n\t\t\t\t\t\t<div class=\"elementor-container elementor-column-gap-default\">\n\t\t\t\t\t\t\t<div class=\"elementor-row\">\n\t\t\t\t\t<div class=\"elementor-column elementor-col-100 elementor-top-column elementor-element elementor-element-24535675\" data-id=\"24535675\" data-element_type=\"column\">\n\t\t\t<div class=\"elementor-column-wrap elementor-element-populated\">\n\t\t\t\t\t\t\t<div class=\"elementor-widget-wrap\">\n\t\t\t\t\t\t<div class=\"elementor-element elementor-element-821b1c2 elementor-widget elementor-widget-image\" data-id=\"821b1c2\" data-element_type=\"widget\" data-widget_type=\"image.default\">\n\t\t\t\t<div class=\"elementor-widget-container\">\n\t\t\t\t\t\t\t\t<div class=\"elementor-image\">\n\t\t\t\t\t\t\t\t\t\t\t\t<img decoding=\"async\" src=\"https:\/\/schmierstoffe-grund.de\/wp-content\/uploads\/elementor\/thumbs\/146898534-Produktseite-LKW-oe1mawpx3dnz3ztbzjt7eqt3w33usx1570nez78syo.jpg\" title=\"trucks goes on the highway\" alt=\"trucks moves on the country highway\" \/>\t\t\t\t\t\t\t\t\t\t\t\t\t\t<\/div>\n\t\t\t\t\t\t<\/div>\n\t\t\t\t<\/div>\n\t\t\t\t\t\t<\/div>\n\t\t\t\t\t<\/div>\n\t\t<\/div>\n\t\t\t\t\t\t\t\t<\/div>\n\t\t\t\t\t<\/div>\n\t\t<\/section>\n\t\t\t\t<section class=\"elementor-section elementor-top-section elementor-element elementor-element-4933ed3 elementor-section-boxed elementor-section-height-default elementor-section-height-default\" data-id=\"4933ed3\" data-element_type=\"section\">\n\t\t\t\t\t\t<div class=\"elementor-container elementor-column-gap-default\">\n\t\t\t\t\t\t\t<div class=\"elementor-row\">\n\t\t\t\t\t<div class=\"elementor-column elementor-col-100 elementor-top-column elementor-element elementor-element-78ed155\" data-id=\"78ed155\" data-element_type=\"column\">\n\t\t\t<div class=\"elementor-column-wrap elementor-element-populated\">\n\t\t\t\t\t\t\t<div class=\"elementor-widget-wrap\">\n\t\t\t\t\t\t<div class=\"elementor-element elementor-element-c15fcde elementor-widget elementor-widget-text-editor\" data-id=\"c15fcde\" data-element_type=\"widget\" data-widget_type=\"text-editor.default\">\n\t\t\t\t<div class=\"elementor-widget-container\">\n\t\t\t\t\t\t\t\t<div class=\"elementor-text-editor elementor-clearfix\">\n\t\t\t\t<h1 class=\"elementor-heading-title elementor-size-default elementor-inline-editing pen\" style=\"margin: 0px; font-family: Roboto, sans-serif; font-weight: 600; line-height: 1; color: #fbba1e; padding: 0px; text-align: center;\" data-pen-placeholder=\"Eingabe hier...\" data-elementor-setting-key=\"title\"><img loading=\"lazy\" decoding=\"async\" class=\"size-full wp-image-380 aligncenter\" src=\"https:\/\/schmierstoffe-grund.de\/wp-content\/uploads\/2019\/07\/081718_GRU_Icon_1_Motor_rgb_RZ.png\" alt=\"\" width=\"96\" height=\"96\" \/>Motor\u00f6le LKW<\/h1>\t\t\t\t\t<\/div>\n\t\t\t\t\t\t<\/div>\n\t\t\t\t<\/div>\n\t\t\t\t\t\t<\/div>\n\t\t\t\t\t<\/div>\n\t\t<\/div>\n\t\t\t\t\t\t\t\t<\/div>\n\t\t\t\t\t<\/div>\n\t\t<\/section>\n\t\t\t\t<section class=\"elementor-section elementor-top-section elementor-element elementor-element-68df2f01 elementor-section-boxed elementor-section-height-default elementor-section-height-default\" data-id=\"68df2f01\" data-element_type=\"section\">\n\t\t\t\t\t\t<div class=\"elementor-container elementor-column-gap-wide\">\n\t\t\t\t\t\t\t<div class=\"elementor-row\">\n\t\t\t\t\t<div class=\"elementor-column elementor-col-100 elementor-top-column elementor-element elementor-element-47f602fb\" data-id=\"47f602fb\" data-element_type=\"column\" data-settings=\"{&quot;background_background&quot;:&quot;classic&quot;}\">\n\t\t\t<div class=\"elementor-column-wrap elementor-element-populated\">\n\t\t\t\t\t\t\t<div class=\"elementor-widget-wrap\">\n\t\t\t\t\t\t<div class=\"elementor-element elementor-element-bcdc86c elementor-widget elementor-widget-text-editor\" data-id=\"bcdc86c\" data-element_type=\"widget\" data-widget_type=\"text-editor.default\">\n\t\t\t\t<div class=\"elementor-widget-container\">\n\t\t\t\t\t\t\t\t<div class=\"elementor-text-editor elementor-clearfix\">\n\t\t\t\t<p style=\"text-align: center;\">Strengere Emissionsgesetze, neue Technologien und die Aufgabe unter schwierigen Bedingungen eine optimale Leistung abzurufen lassen dem richtigen LKW-Motoren\u00f6l eine noch entscheidendere Bedeutung zukommen.<\/p><p style=\"text-align: center;\">Hierf\u00fcr haben wir eine spezielle Auswahl an hochwertigen LKW-Motoren\u00f6le zusammengestellt, damit Ihre Lastkraftwagen in jeder Situation optimal geschmiert sind.<\/p>\t\t\t\t\t<\/div>\n\t\t\t\t\t\t<\/div>\n\t\t\t\t<\/div>\n\t\t\t\t<div class=\"elementor-element elementor-element-28cfd7e1 elementor-widget elementor-widget-text-editor\" data-id=\"28cfd7e1\" data-element_type=\"widget\" data-widget_type=\"text-editor.default\">\n\t\t\t\t<div class=\"elementor-widget-container\">\n\t\t\t\t\t\t\t\t<div class=\"elementor-text-editor elementor-clearfix\">\n\t\t\t\t<p class=\"p1\" style=\"text-align: center;\">Unser LKW-Motoren\u00f6l Schmierstoffsortiment umfasst Schmierstoffe f\u00fcr<\/p>\t\t\t\t\t<\/div>\n\t\t\t\t\t\t<\/div>\n\t\t\t\t<\/div>\n\t\t\t\t<section class=\"elementor-section elementor-inner-section elementor-element elementor-element-46f535cb elementor-section-boxed elementor-section-height-default elementor-section-height-default\" data-id=\"46f535cb\" data-element_type=\"section\">\n\t\t\t\t\t\t<div class=\"elementor-container elementor-column-gap-default\">\n\t\t\t\t\t\t\t<div class=\"elementor-row\">\n\t\t\t\t\t<div class=\"elementor-column elementor-col-50 elementor-inner-column elementor-element elementor-element-6244a285\" data-id=\"6244a285\" data-element_type=\"column\">\n\t\t\t<div class=\"elementor-column-wrap elementor-element-populated\">\n\t\t\t\t\t\t\t<div class=\"elementor-widget-wrap\">\n\t\t\t\t\t\t<div class=\"elementor-element elementor-element-4ebc0928 elementor-widget elementor-widget-text-editor\" data-id=\"4ebc0928\" data-element_type=\"widget\" data-widget_type=\"text-editor.default\">\n\t\t\t\t<div class=\"elementor-widget-container\">\n\t\t\t\t\t\t\t\t<div class=\"elementor-text-editor elementor-clearfix\">\n\t\t\t\t<ul><li>MAN<\/li><li>Mercedes-Benz<\/li><li>Scania<\/li><li>Volvo<\/li><li>Renault<\/li><\/ul>\t\t\t\t\t<\/div>\n\t\t\t\t\t\t<\/div>\n\t\t\t\t<\/div>\n\t\t\t\t\t\t<\/div>\n\t\t\t\t\t<\/div>\n\t\t<\/div>\n\t\t\t\t<div class=\"elementor-column elementor-col-50 elementor-inner-column elementor-element elementor-element-5ccdfc4e\" data-id=\"5ccdfc4e\" data-element_type=\"column\">\n\t\t\t<div class=\"elementor-column-wrap elementor-element-populated\">\n\t\t\t\t\t\t\t<div class=\"elementor-widget-wrap\">\n\t\t\t\t\t\t<div class=\"elementor-element elementor-element-19ee26a4 elementor-widget elementor-widget-text-editor\" data-id=\"19ee26a4\" data-element_type=\"widget\" data-widget_type=\"text-editor.default\">\n\t\t\t\t<div class=\"elementor-widget-container\">\n\t\t\t\t\t\t\t\t<div class=\"elementor-text-editor elementor-clearfix\">\n\t\t\t\t<ul><li>MTU\u00a0<\/li><li>Cummins<\/li><li>Detroit Diesel<\/li><li>Mack<\/li><\/ul>\t\t\t\t\t<\/div>\n\t\t\t\t\t\t<\/div>\n\t\t\t\t<\/div>\n\t\t\t\t\t\t<\/div>\n\t\t\t\t\t<\/div>\n\t\t<\/div>\n\t\t\t\t\t\t\t\t<\/div>\n\t\t\t\t\t<\/div>\n\t\t<\/section>\n\t\t\t\t<div class=\"elementor-element elementor-element-132f7c51 elementor-widget elementor-widget-text-editor\" data-id=\"132f7c51\" data-element_type=\"widget\" data-widget_type=\"text-editor.default\">\n\t\t\t\t<div class=\"elementor-widget-container\">\n\t\t\t\t\t\t\t\t<div class=\"elementor-text-editor elementor-clearfix\">\n\t\t\t\t<p class=\"p1\" style=\"text-align: center;\">sowie viele weitere.<\/p><p class=\"p1\" style=\"text-align: center;\"><span style=\"text-align: center;\">In unseren Sortiment finden Sie auch Schmierstoffe fu\u0308r\u00a0<\/span><a style=\"background-color: #ffffff; text-align: center;\" href=\"https:\/\/schmierstoffe-grund.de\/?page_id=273\">PKW&#8217;s<\/a><span style=\"text-align: center;\">\u00a0und\u00a0<\/span><a style=\"background-color: #ffffff; text-align: center;\" href=\"https:\/\/schmierstoffe-grund.de\/?page_id=429\">Motorr\u00e4der<\/a><\/p>\t\t\t\t\t<\/div>\n\t\t\t\t\t\t<\/div>\n\t\t\t\t<\/div>\n\t\t\t\t\t\t<\/div>\n\t\t\t\t\t<\/div>\n\t\t<\/div>\n\t\t\t\t\t\t\t\t<\/div>\n\t\t\t\t\t<\/div>\n\t\t<\/section>\n\t\t\t\t<section class=\"elementor-section elementor-top-section elementor-element elementor-element-414a7104 elementor-reverse-mobile elementor-section-boxed elementor-section-height-default elementor-section-height-default\" data-id=\"414a7104\" data-element_type=\"section\">\n\t\t\t\t\t\t<div class=\"elementor-container elementor-column-gap-wide\">\n\t\t\t\t\t\t\t<div class=\"elementor-row\">\n\t\t\t\t\t<div class=\"elementor-column elementor-col-100 elementor-top-column elementor-element elementor-element-364856cb\" data-id=\"364856cb\" data-element_type=\"column\">\n\t\t\t<div class=\"elementor-column-wrap elementor-element-populated\">\n\t\t\t\t\t\t\t<div class=\"elementor-widget-wrap\">\n\t\t\t\t\t\t<div class=\"elementor-element elementor-element-7950bb86 elementor-widget elementor-widget-text-editor\" data-id=\"7950bb86\" data-element_type=\"widget\" data-widget_type=\"text-editor.default\">\n\t\t\t\t<div class=\"elementor-widget-container\">\n\t\t\t\t\t\t\t\t<div class=\"elementor-text-editor elementor-clearfix\">\n\t\t\t\t<h3 style=\"text-align: center;\"><span style=\"font-weight: bolder;\">Gerne beraten wir Sie telefonisch, per Mail oder vor Ort, um das passende \u00d6l f\u00fcr Ihren LKW herauszusuchen. <\/span><\/h3>\t\t\t\t\t<\/div>\n\t\t\t\t\t\t<\/div>\n\t\t\t\t<\/div>\n\t\t\t\t<div class=\"elementor-element elementor-element-586b0182 elementor-align-center elementor-widget elementor-widget-button\" data-id=\"586b0182\" data-element_type=\"widget\" data-widget_type=\"button.default\">\n\t\t\t\t<div class=\"elementor-widget-container\">\n\t\t\t\t\t<div class=\"elementor-button-wrapper\">\n\t\t\t<a href=\"https:\/\/schmierstoffe-grund.de\/?page_id=256\" class=\"elementor-button-link elementor-button elementor-size-lg\" role=\"button\">\n\t\t\t\t\t\t<span class=\"elementor-button-content-wrapper\">\n\t\t\t\t\t\t<span class=\"elementor-button-text\">Konatkt<\/span>\n\t\t<\/span>\n\t\t\t\t\t<\/a>\n\t\t<\/div>\n\t\t\t\t<\/div>\n\t\t\t\t<\/div>\n\t\t\t\t\t\t<\/div>\n\t\t\t\t\t<\/div>\n\t\t<\/div>\n\t\t\t\t\t\t\t\t<\/div>\n\t\t\t\t\t<\/div>\n\t\t<\/section>\n\t\t\t\t\t\t\t\t\t<\/div>\n\t\t\t<\/div>\n\t\t\t\t\t<\/div>\n\t\t","protected":false},"excerpt":{"rendered":"<p>Motor\u00f6le LKW Strengere Emissionsgesetze, neue Technologien und die Aufgabe unter schwierigen Bedingungen eine optimale Leistung abzurufen lassen dem richtigen LKW-Motoren\u00f6l eine noch entscheidendere Bedeutung zukommen. Hierf\u00fcr haben wir eine spezielle Auswahl an hochwertigen LKW-Motoren\u00f6le zusammengestellt, damit Ihre Lastkraftwagen in jeder Situation optimal geschmiert sind. Unser LKW-Motoren\u00f6l Schmierstoffsortiment umfasst Schmierstoffe f\u00fcr MAN Mercedes-Benz Scania Volvo Renault [&hellip;]<\/p>\n","protected":false},"author":1,"featured_media":0,"parent":0,"menu_order":0,"comment_status":"closed","ping_status":"closed","template":"elementor_header_footer","meta":{"footnotes":""},"class_list":["post-421","page","type-page","status-publish","hentry"],"yoast_head":"<!-- This site is optimized with the Yoast SEO plugin v19.12 - https:\/\/yoast.com\/wordpress\/plugins\/seo\/ -->\n<title>Motor\u00f6le LKW - GRUND GmbH<\/title>\n<meta name=\"robots\" content=\"index, follow, max-snippet:-1, max-image-preview:large, max-video-preview:-1\" \/>\n<link rel=\"canonical\" href=\"https:\/\/schmierstoffe-grund.de\/?page_id=421\" \/>\n<meta property=\"og:locale\" content=\"de_DE\" \/>\n<meta property=\"og:type\" content=\"article\" \/>\n<meta property=\"og:title\" content=\"Motor\u00f6le LKW - GRUND GmbH\" \/>\n<meta property=\"og:description\" content=\"Motor\u00f6le LKW Strengere Emissionsgesetze, neue Technologien und die Aufgabe unter schwierigen Bedingungen eine optimale Leistung abzurufen lassen dem richtigen LKW-Motoren\u00f6l eine noch entscheidendere Bedeutung zukommen. Hierf\u00fcr haben wir eine spezielle Auswahl an hochwertigen LKW-Motoren\u00f6le zusammengestellt, damit Ihre Lastkraftwagen in jeder Situation optimal geschmiert sind. Unser LKW-Motoren\u00f6l Schmierstoffsortiment umfasst Schmierstoffe f\u00fcr MAN Mercedes-Benz Scania Volvo Renault [&hellip;]\" \/>\n<meta property=\"og:url\" content=\"https:\/\/schmierstoffe-grund.de\/?page_id=421\" \/>\n<meta property=\"og:site_name\" content=\"GRUND GmbH\" \/>\n<meta property=\"article:publisher\" content=\"https:\/\/www.facebook.com\/schmierstoffexperten\/\" \/>\n<meta property=\"article:modified_time\" content=\"2019-09-20T13:04:22+00:00\" \/>\n<meta property=\"og:image\" content=\"https:\/\/schmierstoffe-grund.de\/wp-content\/uploads\/elementor\/thumbs\/146898534-Produktseite-LKW-oe1mawpx3dnz3ztbzjt7eqt3w33usx1570nez78syo.jpg\" \/>\n<meta name=\"twitter:card\" content=\"summary_large_image\" \/>\n<script type=\"application\/ld+json\" class=\"yoast-schema-graph\">{\"@context\":\"https:\/\/schema.org\",\"@graph\":[{\"@type\":\"WebPage\",\"@id\":\"https:\/\/schmierstoffe-grund.de\/?page_id=421\",\"url\":\"https:\/\/schmierstoffe-grund.de\/?page_id=421\",\"name\":\"Motor\u00f6le LKW - GRUND GmbH\",\"isPartOf\":{\"@id\":\"https:\/\/schmierstoffe-grund.de\/#website\"},\"datePublished\":\"2019-07-29T10:56:28+00:00\",\"dateModified\":\"2019-09-20T13:04:22+00:00\",\"breadcrumb\":{\"@id\":\"https:\/\/schmierstoffe-grund.de\/?page_id=421#breadcrumb\"},\"inLanguage\":\"de\",\"potentialAction\":[{\"@type\":\"ReadAction\",\"target\":[\"https:\/\/schmierstoffe-grund.de\/?page_id=421\"]}]},{\"@type\":\"BreadcrumbList\",\"@id\":\"https:\/\/schmierstoffe-grund.de\/?page_id=421#breadcrumb\",\"itemListElement\":[{\"@type\":\"ListItem\",\"position\":1,\"name\":\"Startseite\",\"item\":\"https:\/\/schmierstoffe-grund.de\/\"},{\"@type\":\"ListItem\",\"position\":2,\"name\":\"Motor\u00f6le LKW\"}]},{\"@type\":\"WebSite\",\"@id\":\"https:\/\/schmierstoffe-grund.de\/#website\",\"url\":\"https:\/\/schmierstoffe-grund.de\/\",\"name\":\"GRUND GmbH\",\"description\":\"Bewegung braucht Schmierung\",\"potentialAction\":[{\"@type\":\"SearchAction\",\"target\":{\"@type\":\"EntryPoint\",\"urlTemplate\":\"https:\/\/schmierstoffe-grund.de\/?s={search_term_string}\"},\"query-input\":\"required name=search_term_string\"}],\"inLanguage\":\"de\"}]}<\/script>\n<!-- \/ Yoast SEO plugin. -->","yoast_head_json":{"title":"Motor\u00f6le LKW - GRUND GmbH","robots":{"index":"index","follow":"follow","max-snippet":"max-snippet:-1","max-image-preview":"max-image-preview:large","max-video-preview":"max-video-preview:-1"},"canonical":"https:\/\/schmierstoffe-grund.de\/?page_id=421","og_locale":"de_DE","og_type":"article","og_title":"Motor\u00f6le LKW - GRUND GmbH","og_description":"Motor\u00f6le LKW Strengere Emissionsgesetze, neue Technologien und die Aufgabe unter schwierigen Bedingungen eine optimale Leistung abzurufen lassen dem richtigen LKW-Motoren\u00f6l eine noch entscheidendere Bedeutung zukommen. Hierf\u00fcr haben wir eine spezielle Auswahl an hochwertigen LKW-Motoren\u00f6le zusammengestellt, damit Ihre Lastkraftwagen in jeder Situation optimal geschmiert sind. Unser LKW-Motoren\u00f6l Schmierstoffsortiment umfasst Schmierstoffe f\u00fcr MAN Mercedes-Benz Scania Volvo Renault [&hellip;]","og_url":"https:\/\/schmierstoffe-grund.de\/?page_id=421","og_site_name":"GRUND GmbH","article_publisher":"https:\/\/www.facebook.com\/schmierstoffexperten\/","article_modified_time":"2019-09-20T13:04:22+00:00","og_image":[{"url":"https:\/\/schmierstoffe-grund.de\/wp-content\/uploads\/elementor\/thumbs\/146898534-Produktseite-LKW-oe1mawpx3dnz3ztbzjt7eqt3w33usx1570nez78syo.jpg"}],"twitter_card":"summary_large_image","schema":{"@context":"https:\/\/schema.org","@graph":[{"@type":"WebPage","@id":"https:\/\/schmierstoffe-grund.de\/?page_id=421","url":"https:\/\/schmierstoffe-grund.de\/?page_id=421","name":"Motor\u00f6le LKW - GRUND GmbH","isPartOf":{"@id":"https:\/\/schmierstoffe-grund.de\/#website"},"datePublished":"2019-07-29T10:56:28+00:00","dateModified":"2019-09-20T13:04:22+00:00","breadcrumb":{"@id":"https:\/\/schmierstoffe-grund.de\/?page_id=421#breadcrumb"},"inLanguage":"de","potentialAction":[{"@type":"ReadAction","target":["https:\/\/schmierstoffe-grund.de\/?page_id=421"]}]},{"@type":"BreadcrumbList","@id":"https:\/\/schmierstoffe-grund.de\/?page_id=421#breadcrumb","itemListElement":[{"@type":"ListItem","position":1,"name":"Startseite","item":"https:\/\/schmierstoffe-grund.de\/"},{"@type":"ListItem","position":2,"name":"Motor\u00f6le LKW"}]},{"@type":"WebSite","@id":"https:\/\/schmierstoffe-grund.de\/#website","url":"https:\/\/schmierstoffe-grund.de\/","name":"GRUND GmbH","description":"Bewegung braucht Schmierung","potentialAction":[{"@type":"SearchAction","target":{"@type":"EntryPoint","urlTemplate":"https:\/\/schmierstoffe-grund.de\/?s={search_term_string}"},"query-input":"required name=search_term_string"}],"inLanguage":"de"}]}},"_links":{"self":[{"href":"https:\/\/schmierstoffe-grund.de\/index.php?rest_route=\/wp\/v2\/pages\/421","targetHints":{"allow":["GET"]}}],"collection":[{"href":"https:\/\/schmierstoffe-grund.de\/index.php?rest_route=\/wp\/v2\/pages"}],"about":[{"href":"https:\/\/schmierstoffe-grund.de\/index.php?rest_route=\/wp\/v2\/types\/page"}],"author":[{"embeddable":true,"href":"https:\/\/schmierstoffe-grund.de\/index.php?rest_route=\/wp\/v2\/users\/1"}],"replies":[{"embeddable":true,"href":"https:\/\/schmierstoffe-grund.de\/index.php?rest_route=%2Fwp%2Fv2%2Fcomments&post=421"}],"version-history":[{"count":5,"href":"https:\/\/schmierstoffe-grund.de\/index.php?rest_route=\/wp\/v2\/pages\/421\/revisions"}],"predecessor-version":[{"id":751,"href":"https:\/\/schmierstoffe-grund.de\/index.php?rest_route=\/wp\/v2\/pages\/421\/revisions\/751"}],"wp:attachment":[{"href":"https:\/\/schmierstoffe-grund.de\/index.php?rest_route=%2Fwp%2Fv2%2Fmedia&parent=421"}],"curies":[{"name":"wp","href":"https:\/\/api.w.org\/{rel}","templated":true}]}}