{"id":273,"date":"2019-04-25T15:34:35","date_gmt":"2019-04-25T13:34:35","guid":{"rendered":"http:\/\/schmierstoffe-grund.de\/?page_id=273"},"modified":"2019-10-08T08:10:30","modified_gmt":"2019-10-08T06:10:30","slug":"motoroele-pkw","status":"publish","type":"page","link":"https:\/\/schmierstoffe-grund.de\/?page_id=273","title":{"rendered":"Motor\u00f6le PKW"},"content":{"rendered":"\t\t<div data-elementor-type=\"wp-post\" data-elementor-id=\"273\" class=\"elementor elementor-273\">\n\t\t\t\t\t\t<div class=\"elementor-inner\">\n\t\t\t\t<div class=\"elementor-section-wrap\">\n\t\t\t\t\t\t\t\t\t<section class=\"elementor-section elementor-top-section elementor-element elementor-element-fd75602 elementor-section-boxed elementor-section-height-default elementor-section-height-default\" data-id=\"fd75602\" data-element_type=\"section\">\n\t\t\t\t\t\t<div class=\"elementor-container elementor-column-gap-default\">\n\t\t\t\t\t\t\t<div class=\"elementor-row\">\n\t\t\t\t\t<div class=\"elementor-column elementor-col-100 elementor-top-column elementor-element elementor-element-4634c13\" data-id=\"4634c13\" data-element_type=\"column\">\n\t\t\t<div class=\"elementor-column-wrap elementor-element-populated\">\n\t\t\t\t\t\t\t<div class=\"elementor-widget-wrap\">\n\t\t\t\t\t\t<div class=\"elementor-element elementor-element-4496e3f elementor-widget elementor-widget-image\" data-id=\"4496e3f\" data-element_type=\"widget\" data-widget_type=\"image.default\">\n\t\t\t\t<div class=\"elementor-widget-container\">\n\t\t\t\t\t\t\t\t<div class=\"elementor-image\">\n\t\t\t\t\t\t\t\t\t\t\t\t<img decoding=\"async\" src=\"https:\/\/schmierstoffe-grund.de\/wp-content\/uploads\/elementor\/thumbs\/214607707-Produktseite-KFZ-oe1mceapwxpbhrniaoyxuvadr1rrznxuedu3bz1d40.jpg\" title=\"KFZ\" alt=\"KFZ\" \/>\t\t\t\t\t\t\t\t\t\t\t\t\t\t<\/div>\n\t\t\t\t\t\t<\/div>\n\t\t\t\t<\/div>\n\t\t\t\t\t\t<\/div>\n\t\t\t\t\t<\/div>\n\t\t<\/div>\n\t\t\t\t\t\t\t\t<\/div>\n\t\t\t\t\t<\/div>\n\t\t<\/section>\n\t\t\t\t<section class=\"elementor-section elementor-top-section elementor-element elementor-element-ea11d40 elementor-section-boxed elementor-section-height-default elementor-section-height-default\" data-id=\"ea11d40\" data-element_type=\"section\">\n\t\t\t\t\t\t<div class=\"elementor-container elementor-column-gap-default\">\n\t\t\t\t\t\t\t<div class=\"elementor-row\">\n\t\t\t\t\t<div class=\"elementor-column elementor-col-100 elementor-top-column elementor-element elementor-element-de1519f\" data-id=\"de1519f\" data-element_type=\"column\">\n\t\t\t<div class=\"elementor-column-wrap elementor-element-populated\">\n\t\t\t\t\t\t\t<div class=\"elementor-widget-wrap\">\n\t\t\t\t\t\t<div class=\"elementor-element elementor-element-dfe1ddd elementor-widget elementor-widget-text-editor\" data-id=\"dfe1ddd\" data-element_type=\"widget\" data-widget_type=\"text-editor.default\">\n\t\t\t\t<div class=\"elementor-widget-container\">\n\t\t\t\t\t\t\t\t<div class=\"elementor-text-editor elementor-clearfix\">\n\t\t\t\t<h1 class=\"elementor-heading-title elementor-size-default elementor-inline-editing pen\" style=\"margin: 0px; font-family: Roboto, sans-serif; font-weight: 600; line-height: 1; color: #fbba1e; padding: 0px; text-align: center;\" data-pen-placeholder=\"Eingabe hier...\" data-elementor-setting-key=\"title\"><img loading=\"lazy\" decoding=\"async\" class=\"size-full wp-image-380 aligncenter\" src=\"https:\/\/schmierstoffe-grund.de\/wp-content\/uploads\/2019\/07\/081718_GRU_Icon_1_Motor_rgb_RZ.png\" alt=\"\" width=\"96\" height=\"96\" \/>Motor\u00f6le PKW<\/h1>\t\t\t\t\t<\/div>\n\t\t\t\t\t\t<\/div>\n\t\t\t\t<\/div>\n\t\t\t\t\t\t<\/div>\n\t\t\t\t\t<\/div>\n\t\t<\/div>\n\t\t\t\t\t\t\t\t<\/div>\n\t\t\t\t\t<\/div>\n\t\t<\/section>\n\t\t\t\t<section class=\"elementor-section elementor-top-section elementor-element elementor-element-40d9396b elementor-section-boxed elementor-section-height-default elementor-section-height-default\" data-id=\"40d9396b\" data-element_type=\"section\">\n\t\t\t\t\t\t<div class=\"elementor-container elementor-column-gap-wide\">\n\t\t\t\t\t\t\t<div class=\"elementor-row\">\n\t\t\t\t\t<div class=\"elementor-column elementor-col-100 elementor-top-column elementor-element elementor-element-400fe8a6\" data-id=\"400fe8a6\" data-element_type=\"column\" data-settings=\"{&quot;background_background&quot;:&quot;classic&quot;}\">\n\t\t\t<div class=\"elementor-column-wrap elementor-element-populated\">\n\t\t\t\t\t\t\t<div class=\"elementor-widget-wrap\">\n\t\t\t\t\t\t<div class=\"elementor-element elementor-element-0370aae elementor-widget elementor-widget-text-editor\" data-id=\"0370aae\" data-element_type=\"widget\" data-widget_type=\"text-editor.default\">\n\t\t\t\t<div class=\"elementor-widget-container\">\n\t\t\t\t\t\t\t\t<div class=\"elementor-text-editor elementor-clearfix\">\n\t\t\t\t<p style=\"text-align: center;\">Nie war die Schmierstofftechnologie so anspruchsvoll wie heute. Alternative Treibstoffe, neueste Automobiltechnologien, nachhaltige Abgasbehandlung und verl\u00e4ngerte Wechselintervalle stellen PKW-Besitzer eine immer h\u00f6here Leistungsf\u00e4higkeit zur Verf\u00fcgung.<\/p><p style=\"text-align: center;\">Damit moderne und historische Fahrzeuge dauerhaft leistungsf\u00e4hig bleiben, haben wir als einer der f\u00fchrenden Schmierstoffh\u00e4ndler in der Region, eine umfassende Produktpalette entwickelt. Dazu z\u00e4hlen synthetische \u00d6le, teilsynthetische \u00d6le, mineral\u00f6lbasisches \u00d6l und Diesel\u00f6le sowie \u00d6le f\u00fcr hohe Kilometerst\u00e4nde.<\/p>\t\t\t\t\t<\/div>\n\t\t\t\t\t\t<\/div>\n\t\t\t\t<\/div>\n\t\t\t\t<div class=\"elementor-element elementor-element-3e62407 elementor-widget elementor-widget-text-editor\" data-id=\"3e62407\" data-element_type=\"widget\" data-widget_type=\"text-editor.default\">\n\t\t\t\t<div class=\"elementor-widget-container\">\n\t\t\t\t\t\t\t\t<div class=\"elementor-text-editor elementor-clearfix\">\n\t\t\t\t<p class=\"p1\" style=\"text-align: center;\">Unser PKW-Motoren\u00f6l Schmierstoffsortiment umfasst Schmierstoffe f\u00fcr<\/p>\t\t\t\t\t<\/div>\n\t\t\t\t\t\t<\/div>\n\t\t\t\t<\/div>\n\t\t\t\t<section class=\"elementor-section elementor-inner-section elementor-element elementor-element-7ebe70e elementor-section-boxed elementor-section-height-default elementor-section-height-default\" data-id=\"7ebe70e\" data-element_type=\"section\">\n\t\t\t\t\t\t<div class=\"elementor-container elementor-column-gap-default\">\n\t\t\t\t\t\t\t<div class=\"elementor-row\">\n\t\t\t\t\t<div class=\"elementor-column elementor-col-50 elementor-inner-column elementor-element elementor-element-56de785\" data-id=\"56de785\" data-element_type=\"column\">\n\t\t\t<div class=\"elementor-column-wrap elementor-element-populated\">\n\t\t\t\t\t\t\t<div class=\"elementor-widget-wrap\">\n\t\t\t\t\t\t<div class=\"elementor-element elementor-element-20009ed elementor-widget elementor-widget-text-editor\" data-id=\"20009ed\" data-element_type=\"widget\" data-widget_type=\"text-editor.default\">\n\t\t\t\t<div class=\"elementor-widget-container\">\n\t\t\t\t\t\t\t\t<div class=\"elementor-text-editor elementor-clearfix\">\n\t\t\t\t<ul><li style=\"text-align: left;\">Mercedes -Benz<\/li><li style=\"text-align: left;\">BMW<\/li><li style=\"text-align: left;\">Volvo<\/li><li style=\"text-align: left;\">PSA<\/li><li style=\"text-align: left;\">GM<\/li><li style=\"text-align: left;\">Jaguar<\/li><\/ul>\t\t\t\t\t<\/div>\n\t\t\t\t\t\t<\/div>\n\t\t\t\t<\/div>\n\t\t\t\t\t\t<\/div>\n\t\t\t\t\t<\/div>\n\t\t<\/div>\n\t\t\t\t<div class=\"elementor-column elementor-col-50 elementor-inner-column elementor-element elementor-element-1d41f26\" data-id=\"1d41f26\" data-element_type=\"column\">\n\t\t\t<div class=\"elementor-column-wrap elementor-element-populated\">\n\t\t\t\t\t\t\t<div class=\"elementor-widget-wrap\">\n\t\t\t\t\t\t<div class=\"elementor-element elementor-element-8b463b6 elementor-widget elementor-widget-text-editor\" data-id=\"8b463b6\" data-element_type=\"widget\" data-widget_type=\"text-editor.default\">\n\t\t\t\t<div class=\"elementor-widget-container\">\n\t\t\t\t\t\t\t\t<div class=\"elementor-text-editor elementor-clearfix\">\n\t\t\t\t<ul><li style=\"text-align: left;\">Volkswagen-Gruppe<\/li><li style=\"text-align: left;\">Porsche<\/li><li style=\"text-align: left;\">Ford<\/li><li style=\"text-align: left;\">Fiat-Gruppe<\/li><li style=\"text-align: left;\">Renault<\/li><li style=\"text-align: left;\">Land Rover<\/li><\/ul>\t\t\t\t\t<\/div>\n\t\t\t\t\t\t<\/div>\n\t\t\t\t<\/div>\n\t\t\t\t\t\t<\/div>\n\t\t\t\t\t<\/div>\n\t\t<\/div>\n\t\t\t\t\t\t\t\t<\/div>\n\t\t\t\t\t<\/div>\n\t\t<\/section>\n\t\t\t\t<div class=\"elementor-element elementor-element-01e2f3e elementor-widget elementor-widget-text-editor\" data-id=\"01e2f3e\" data-element_type=\"widget\" data-widget_type=\"text-editor.default\">\n\t\t\t\t<div class=\"elementor-widget-container\">\n\t\t\t\t\t\t\t\t<div class=\"elementor-text-editor elementor-clearfix\">\n\t\t\t\t<p class=\"p1\" style=\"text-align: center;\">sowie viele weitere.<\/p>\n<p class=\"p1\" style=\"text-align: center;\">In unseren Sortiment finden Sie auch Schmierstoffe fu\u0308r <a href=\"https:\/\/schmierstoffe-grund.de\/?page_id=421\">LKW\u00b4s<\/a> und <a href=\"https:\/\/schmierstoffe-grund.de\/?page_id=429\">Motorr\u00e4der<\/a><\/p>\t\t\t\t\t<\/div>\n\t\t\t\t\t\t<\/div>\n\t\t\t\t<\/div>\n\t\t\t\t\t\t<\/div>\n\t\t\t\t\t<\/div>\n\t\t<\/div>\n\t\t\t\t\t\t\t\t<\/div>\n\t\t\t\t\t<\/div>\n\t\t<\/section>\n\t\t\t\t<section class=\"elementor-section elementor-top-section elementor-element elementor-element-ffd6dfa elementor-reverse-mobile elementor-section-boxed elementor-section-height-default elementor-section-height-default\" data-id=\"ffd6dfa\" data-element_type=\"section\">\n\t\t\t\t\t\t<div class=\"elementor-container elementor-column-gap-wide\">\n\t\t\t\t\t\t\t<div class=\"elementor-row\">\n\t\t\t\t\t<div class=\"elementor-column elementor-col-100 elementor-top-column elementor-element elementor-element-23484b6\" data-id=\"23484b6\" data-element_type=\"column\">\n\t\t\t<div class=\"elementor-column-wrap elementor-element-populated\">\n\t\t\t\t\t\t\t<div class=\"elementor-widget-wrap\">\n\t\t\t\t\t\t<div class=\"elementor-element elementor-element-cbb9a33 elementor-widget elementor-widget-text-editor\" data-id=\"cbb9a33\" data-element_type=\"widget\" data-widget_type=\"text-editor.default\">\n\t\t\t\t<div class=\"elementor-widget-container\">\n\t\t\t\t\t\t\t\t<div class=\"elementor-text-editor elementor-clearfix\">\n\t\t\t\t<h3 style=\"text-align: center;\"><span style=\"font-weight: bolder;\">Gerne beraten wir Sie telefonisch, per Mail oder vor Ort, um das passende \u00d6l f\u00fcr Ihren PKW herauszusuchen. <\/span><\/h3>\t\t\t\t\t<\/div>\n\t\t\t\t\t\t<\/div>\n\t\t\t\t<\/div>\n\t\t\t\t<div class=\"elementor-element elementor-element-5c91164 elementor-align-center elementor-widget elementor-widget-button\" data-id=\"5c91164\" data-element_type=\"widget\" data-widget_type=\"button.default\">\n\t\t\t\t<div class=\"elementor-widget-container\">\n\t\t\t\t\t<div class=\"elementor-button-wrapper\">\n\t\t\t<a href=\"https:\/\/schmierstoffe-grund.de\/?page_id=256\" class=\"elementor-button-link elementor-button elementor-size-lg\" role=\"button\">\n\t\t\t\t\t\t<span class=\"elementor-button-content-wrapper\">\n\t\t\t\t\t\t<span class=\"elementor-button-text\">Kontakt<\/span>\n\t\t<\/span>\n\t\t\t\t\t<\/a>\n\t\t<\/div>\n\t\t\t\t<\/div>\n\t\t\t\t<\/div>\n\t\t\t\t\t\t<\/div>\n\t\t\t\t\t<\/div>\n\t\t<\/div>\n\t\t\t\t\t\t\t\t<\/div>\n\t\t\t\t\t<\/div>\n\t\t<\/section>\n\t\t\t\t\t\t\t\t\t<\/div>\n\t\t\t<\/div>\n\t\t\t\t\t<\/div>\n\t\t","protected":false},"excerpt":{"rendered":"<p>Motor\u00f6le PKW Nie war die Schmierstofftechnologie so anspruchsvoll wie heute. Alternative Treibstoffe, neueste Automobiltechnologien, nachhaltige Abgasbehandlung und verl\u00e4ngerte Wechselintervalle stellen PKW-Besitzer eine immer h\u00f6here Leistungsf\u00e4higkeit zur Verf\u00fcgung. Damit moderne und historische Fahrzeuge dauerhaft leistungsf\u00e4hig bleiben, haben wir als einer der f\u00fchrenden Schmierstoffh\u00e4ndler in der Region, eine umfassende Produktpalette entwickelt. Dazu z\u00e4hlen synthetische \u00d6le, teilsynthetische \u00d6le, [&hellip;]<\/p>\n","protected":false},"author":1,"featured_media":0,"parent":0,"menu_order":0,"comment_status":"closed","ping_status":"closed","template":"elementor_header_footer","meta":{"footnotes":""},"class_list":["post-273","page","type-page","status-publish","hentry"],"yoast_head":"<!-- This site is optimized with the Yoast SEO plugin v19.12 - https:\/\/yoast.com\/wordpress\/plugins\/seo\/ -->\n<title>Motor\u00f6le PKW - GRUND GmbH<\/title>\n<meta name=\"robots\" content=\"index, follow, max-snippet:-1, max-image-preview:large, max-video-preview:-1\" \/>\n<link rel=\"canonical\" href=\"https:\/\/schmierstoffe-grund.de\/?page_id=273\" \/>\n<meta property=\"og:locale\" content=\"de_DE\" \/>\n<meta property=\"og:type\" content=\"article\" \/>\n<meta property=\"og:title\" content=\"Motor\u00f6le PKW - GRUND GmbH\" \/>\n<meta property=\"og:description\" content=\"Motor\u00f6le PKW Nie war die Schmierstofftechnologie so anspruchsvoll wie heute. Alternative Treibstoffe, neueste Automobiltechnologien, nachhaltige Abgasbehandlung und verl\u00e4ngerte Wechselintervalle stellen PKW-Besitzer eine immer h\u00f6here Leistungsf\u00e4higkeit zur Verf\u00fcgung. Damit moderne und historische Fahrzeuge dauerhaft leistungsf\u00e4hig bleiben, haben wir als einer der f\u00fchrenden Schmierstoffh\u00e4ndler in der Region, eine umfassende Produktpalette entwickelt. Dazu z\u00e4hlen synthetische \u00d6le, teilsynthetische \u00d6le, [&hellip;]\" \/>\n<meta property=\"og:url\" content=\"https:\/\/schmierstoffe-grund.de\/?page_id=273\" \/>\n<meta property=\"og:site_name\" content=\"GRUND GmbH\" \/>\n<meta property=\"article:publisher\" content=\"https:\/\/www.facebook.com\/schmierstoffexperten\/\" \/>\n<meta property=\"article:modified_time\" content=\"2019-10-08T06:10:30+00:00\" \/>\n<meta property=\"og:image\" content=\"https:\/\/schmierstoffe-grund.de\/wp-content\/uploads\/elementor\/thumbs\/214607707-Produktseite-KFZ-oe1mceapwxpbhrniaoyxuvadr1rrznxuedu3bz1d40.jpg\" \/>\n<meta name=\"twitter:card\" content=\"summary_large_image\" \/>\n<meta name=\"twitter:label1\" content=\"Gesch\u00e4tzte Lesezeit\" \/>\n\t<meta name=\"twitter:data1\" content=\"1\u00a0Minute\" \/>\n<script type=\"application\/ld+json\" class=\"yoast-schema-graph\">{\"@context\":\"https:\/\/schema.org\",\"@graph\":[{\"@type\":\"WebPage\",\"@id\":\"https:\/\/schmierstoffe-grund.de\/?page_id=273\",\"url\":\"https:\/\/schmierstoffe-grund.de\/?page_id=273\",\"name\":\"Motor\u00f6le PKW - GRUND GmbH\",\"isPartOf\":{\"@id\":\"https:\/\/schmierstoffe-grund.de\/#website\"},\"datePublished\":\"2019-04-25T13:34:35+00:00\",\"dateModified\":\"2019-10-08T06:10:30+00:00\",\"breadcrumb\":{\"@id\":\"https:\/\/schmierstoffe-grund.de\/?page_id=273#breadcrumb\"},\"inLanguage\":\"de\",\"potentialAction\":[{\"@type\":\"ReadAction\",\"target\":[\"https:\/\/schmierstoffe-grund.de\/?page_id=273\"]}]},{\"@type\":\"BreadcrumbList\",\"@id\":\"https:\/\/schmierstoffe-grund.de\/?page_id=273#breadcrumb\",\"itemListElement\":[{\"@type\":\"ListItem\",\"position\":1,\"name\":\"Startseite\",\"item\":\"https:\/\/schmierstoffe-grund.de\/\"},{\"@type\":\"ListItem\",\"position\":2,\"name\":\"Motor\u00f6le PKW\"}]},{\"@type\":\"WebSite\",\"@id\":\"https:\/\/schmierstoffe-grund.de\/#website\",\"url\":\"https:\/\/schmierstoffe-grund.de\/\",\"name\":\"GRUND GmbH\",\"description\":\"Bewegung braucht Schmierung\",\"potentialAction\":[{\"@type\":\"SearchAction\",\"target\":{\"@type\":\"EntryPoint\",\"urlTemplate\":\"https:\/\/schmierstoffe-grund.de\/?s={search_term_string}\"},\"query-input\":\"required name=search_term_string\"}],\"inLanguage\":\"de\"}]}<\/script>\n<!-- \/ Yoast SEO plugin. -->","yoast_head_json":{"title":"Motor\u00f6le PKW - GRUND GmbH","robots":{"index":"index","follow":"follow","max-snippet":"max-snippet:-1","max-image-preview":"max-image-preview:large","max-video-preview":"max-video-preview:-1"},"canonical":"https:\/\/schmierstoffe-grund.de\/?page_id=273","og_locale":"de_DE","og_type":"article","og_title":"Motor\u00f6le PKW - GRUND GmbH","og_description":"Motor\u00f6le PKW Nie war die Schmierstofftechnologie so anspruchsvoll wie heute. Alternative Treibstoffe, neueste Automobiltechnologien, nachhaltige Abgasbehandlung und verl\u00e4ngerte Wechselintervalle stellen PKW-Besitzer eine immer h\u00f6here Leistungsf\u00e4higkeit zur Verf\u00fcgung. Damit moderne und historische Fahrzeuge dauerhaft leistungsf\u00e4hig bleiben, haben wir als einer der f\u00fchrenden Schmierstoffh\u00e4ndler in der Region, eine umfassende Produktpalette entwickelt. Dazu z\u00e4hlen synthetische \u00d6le, teilsynthetische \u00d6le, [&hellip;]","og_url":"https:\/\/schmierstoffe-grund.de\/?page_id=273","og_site_name":"GRUND GmbH","article_publisher":"https:\/\/www.facebook.com\/schmierstoffexperten\/","article_modified_time":"2019-10-08T06:10:30+00:00","og_image":[{"url":"https:\/\/schmierstoffe-grund.de\/wp-content\/uploads\/elementor\/thumbs\/214607707-Produktseite-KFZ-oe1mceapwxpbhrniaoyxuvadr1rrznxuedu3bz1d40.jpg"}],"twitter_card":"summary_large_image","twitter_misc":{"Gesch\u00e4tzte Lesezeit":"1\u00a0Minute"},"schema":{"@context":"https:\/\/schema.org","@graph":[{"@type":"WebPage","@id":"https:\/\/schmierstoffe-grund.de\/?page_id=273","url":"https:\/\/schmierstoffe-grund.de\/?page_id=273","name":"Motor\u00f6le PKW - GRUND GmbH","isPartOf":{"@id":"https:\/\/schmierstoffe-grund.de\/#website"},"datePublished":"2019-04-25T13:34:35+00:00","dateModified":"2019-10-08T06:10:30+00:00","breadcrumb":{"@id":"https:\/\/schmierstoffe-grund.de\/?page_id=273#breadcrumb"},"inLanguage":"de","potentialAction":[{"@type":"ReadAction","target":["https:\/\/schmierstoffe-grund.de\/?page_id=273"]}]},{"@type":"BreadcrumbList","@id":"https:\/\/schmierstoffe-grund.de\/?page_id=273#breadcrumb","itemListElement":[{"@type":"ListItem","position":1,"name":"Startseite","item":"https:\/\/schmierstoffe-grund.de\/"},{"@type":"ListItem","position":2,"name":"Motor\u00f6le PKW"}]},{"@type":"WebSite","@id":"https:\/\/schmierstoffe-grund.de\/#website","url":"https:\/\/schmierstoffe-grund.de\/","name":"GRUND GmbH","description":"Bewegung braucht Schmierung","potentialAction":[{"@type":"SearchAction","target":{"@type":"EntryPoint","urlTemplate":"https:\/\/schmierstoffe-grund.de\/?s={search_term_string}"},"query-input":"required name=search_term_string"}],"inLanguage":"de"}]}},"_links":{"self":[{"href":"https:\/\/schmierstoffe-grund.de\/index.php?rest_route=\/wp\/v2\/pages\/273","targetHints":{"allow":["GET"]}}],"collection":[{"href":"https:\/\/schmierstoffe-grund.de\/index.php?rest_route=\/wp\/v2\/pages"}],"about":[{"href":"https:\/\/schmierstoffe-grund.de\/index.php?rest_route=\/wp\/v2\/types\/page"}],"author":[{"embeddable":true,"href":"https:\/\/schmierstoffe-grund.de\/index.php?rest_route=\/wp\/v2\/users\/1"}],"replies":[{"embeddable":true,"href":"https:\/\/schmierstoffe-grund.de\/index.php?rest_route=%2Fwp%2Fv2%2Fcomments&post=273"}],"version-history":[{"count":5,"href":"https:\/\/schmierstoffe-grund.de\/index.php?rest_route=\/wp\/v2\/pages\/273\/revisions"}],"predecessor-version":[{"id":1434,"href":"https:\/\/schmierstoffe-grund.de\/index.php?rest_route=\/wp\/v2\/pages\/273\/revisions\/1434"}],"wp:attachment":[{"href":"https:\/\/schmierstoffe-grund.de\/index.php?rest_route=%2Fwp%2Fv2%2Fmedia&parent=273"}],"curies":[{"name":"wp","href":"https:\/\/api.w.org\/{rel}","templated":true}]}}