{"id":1053,"date":"2020-06-02T10:18:45","date_gmt":"2020-06-02T08:18:45","guid":{"rendered":"http:\/\/schmierstoffe-grund.de\/?page_id=1053"},"modified":"2026-02-27T10:27:38","modified_gmt":"2026-02-27T09:27:38","slug":"oelwegweiser","status":"publish","type":"page","link":"https:\/\/schmierstoffe-grund.de\/?page_id=1053","title":{"rendered":"\u00d6lwegweiser"},"content":{"rendered":"\t\t<div data-elementor-type=\"wp-page\" data-elementor-id=\"1053\" class=\"elementor elementor-1053\">\n\t\t\t\t\t\t<div class=\"elementor-inner\">\n\t\t\t\t<div class=\"elementor-section-wrap\">\n\t\t\t\t\t\t\t\t\t<section class=\"elementor-section elementor-top-section elementor-element elementor-element-677753c elementor-section-boxed elementor-section-height-default elementor-section-height-default\" data-id=\"677753c\" data-element_type=\"section\">\n\t\t\t\t\t\t<div class=\"elementor-container elementor-column-gap-default\">\n\t\t\t\t\t\t\t<div class=\"elementor-row\">\n\t\t\t\t\t<div class=\"elementor-column elementor-col-100 elementor-top-column elementor-element elementor-element-8ffb018\" data-id=\"8ffb018\" data-element_type=\"column\">\n\t\t\t<div class=\"elementor-column-wrap elementor-element-populated\">\n\t\t\t\t\t\t\t<div class=\"elementor-widget-wrap\">\n\t\t\t\t\t\t<div class=\"elementor-element elementor-element-3a57f3a elementor-widget elementor-widget-image\" data-id=\"3a57f3a\" data-element_type=\"widget\" data-widget_type=\"image.default\">\n\t\t\t\t<div class=\"elementor-widget-container\">\n\t\t\t\t\t\t\t\t<div class=\"elementor-image\">\n\t\t\t\t\t\t\t\t\t\t\t\t<img decoding=\"async\" src=\"https:\/\/schmierstoffe-grund.de\/wp-content\/uploads\/elementor\/thumbs\/Private_Label_Blank-oe6vmjimlpr5bdq6h58akcd07jpuvtmfx9qqv7mxsw.jpg\" title=\"\" alt=\"Ihre Produkte - in ihrem Design - Grenzen sie sich von ihren Wettbewerbern ab und binden Sie ihre Kunden mit private Label.\" \/>\t\t\t\t\t\t\t\t\t\t\t\t\t\t<\/div>\n\t\t\t\t\t\t<\/div>\n\t\t\t\t<\/div>\n\t\t\t\t\t\t<\/div>\n\t\t\t\t\t<\/div>\n\t\t<\/div>\n\t\t\t\t\t\t\t\t<\/div>\n\t\t\t\t\t<\/div>\n\t\t<\/section>\n\t\t\t\t<section class=\"elementor-section elementor-top-section elementor-element elementor-element-ad85026 elementor-section-boxed elementor-section-height-default elementor-section-height-default\" data-id=\"ad85026\" data-element_type=\"section\">\n\t\t\t\t\t\t<div class=\"elementor-container elementor-column-gap-default\">\n\t\t\t\t\t\t\t<div class=\"elementor-row\">\n\t\t\t\t\t<div class=\"elementor-column elementor-col-100 elementor-top-column elementor-element elementor-element-4293909\" data-id=\"4293909\" data-element_type=\"column\">\n\t\t\t<div class=\"elementor-column-wrap elementor-element-populated\">\n\t\t\t\t\t\t\t<div class=\"elementor-widget-wrap\">\n\t\t\t\t\t\t<div class=\"elementor-element elementor-element-77f0653 elementor-widget elementor-widget-text-editor\" data-id=\"77f0653\" data-element_type=\"widget\" data-widget_type=\"text-editor.default\">\n\t\t\t\t<div class=\"elementor-widget-container\">\n\t\t\t\t\t\t\t\t<div class=\"elementor-text-editor elementor-clearfix\">\n\t\t\t\t<h1 class=\"elementor-heading-title elementor-size-default elementor-inline-editing pen\" style=\"margin: 0px; font-family: Roboto, sans-serif; font-weight: 600; line-height: 1; color: #fbba1e; padding: 0px; text-align: center;\" data-pen-placeholder=\"Eingabe hier...\" data-elementor-setting-key=\"title\"> \u00d6lwegweiser <\/h1>\t\t\t\t\t<\/div>\n\t\t\t\t\t\t<\/div>\n\t\t\t\t<\/div>\n\t\t\t\t<div class=\"elementor-element elementor-element-aeac9b3 elementor-widget elementor-widget-text-editor\" data-id=\"aeac9b3\" data-element_type=\"widget\" data-widget_type=\"text-editor.default\">\n\t\t\t\t<div class=\"elementor-widget-container\">\n\t\t\t\t\t\t\t\t<div class=\"elementor-text-editor elementor-clearfix\">\n\t\t\t\t<p style=\"text-align: center;\">Mit den \u00d6lfindern unserer Zulieferer finden Sie das passende \u00d6l.<\/p>\t\t\t\t\t<\/div>\n\t\t\t\t\t\t<\/div>\n\t\t\t\t<\/div>\n\t\t\t\t\t\t<\/div>\n\t\t\t\t\t<\/div>\n\t\t<\/div>\n\t\t\t\t\t\t\t\t<\/div>\n\t\t\t\t\t<\/div>\n\t\t<\/section>\n\t\t\t\t<section class=\"elementor-section elementor-top-section elementor-element elementor-element-6d07556 elementor-section-boxed elementor-section-height-default elementor-section-height-default\" data-id=\"6d07556\" data-element_type=\"section\">\n\t\t\t\t\t\t<div class=\"elementor-container elementor-column-gap-default\">\n\t\t\t\t\t\t\t<div class=\"elementor-row\">\n\t\t\t\t\t<div class=\"elementor-column elementor-col-50 elementor-top-column elementor-element elementor-element-8291928\" data-id=\"8291928\" data-element_type=\"column\">\n\t\t\t<div class=\"elementor-column-wrap elementor-element-populated\">\n\t\t\t\t\t\t\t<div class=\"elementor-widget-wrap\">\n\t\t\t\t\t\t<div class=\"elementor-element elementor-element-c5357c9 elementor-widget elementor-widget-image\" data-id=\"c5357c9\" data-element_type=\"widget\" data-widget_type=\"image.default\">\n\t\t\t\t<div class=\"elementor-widget-container\">\n\t\t\t\t\t\t\t\t<div class=\"elementor-image\">\n\t\t\t\t\t\t\t\t\t\t\t\t\t<a href=\"https:\/\/lukoil-lubricants.eu\/de\/Services\/LubricantAdvisor\" target=\"_blank\">\n\t\t\t\t\t\t\t<img loading=\"lazy\" decoding=\"async\" width=\"800\" height=\"459\" src=\"https:\/\/schmierstoffe-grund.de\/wp-content\/uploads\/2020\/06\/Bildschirmfoto-2020-06-02-um-10.17.26-1024x588.png\" class=\"attachment-large size-large wp-image-1057\" alt=\"Valvoline\" srcset=\"https:\/\/schmierstoffe-grund.de\/wp-content\/uploads\/2020\/06\/Bildschirmfoto-2020-06-02-um-10.17.26-1024x588.png 1024w, https:\/\/schmierstoffe-grund.de\/wp-content\/uploads\/2020\/06\/Bildschirmfoto-2020-06-02-um-10.17.26-300x172.png 300w, https:\/\/schmierstoffe-grund.de\/wp-content\/uploads\/2020\/06\/Bildschirmfoto-2020-06-02-um-10.17.26-768x441.png 768w, https:\/\/schmierstoffe-grund.de\/wp-content\/uploads\/2020\/06\/Bildschirmfoto-2020-06-02-um-10.17.26-1536x883.png 1536w, https:\/\/schmierstoffe-grund.de\/wp-content\/uploads\/2020\/06\/Bildschirmfoto-2020-06-02-um-10.17.26.png 2022w\" sizes=\"auto, (max-width: 800px) 100vw, 800px\" \/>\t\t\t\t\t\t\t\t<\/a>\n\t\t\t\t\t\t\t\t\t\t\t\t\t\t<\/div>\n\t\t\t\t\t\t<\/div>\n\t\t\t\t<\/div>\n\t\t\t\t<div class=\"elementor-element elementor-element-72a1aed elementor-align-center elementor-widget elementor-widget-button\" data-id=\"72a1aed\" data-element_type=\"widget\" data-widget_type=\"button.default\">\n\t\t\t\t<div class=\"elementor-widget-container\">\n\t\t\t\t\t<div class=\"elementor-button-wrapper\">\n\t\t\t<a href=\"https:\/\/lukoil-lubricants.eu\/de\/Services\/LubricantAdvisor\" target=\"_blank\" class=\"elementor-button-link elementor-button elementor-size-sm\" role=\"button\">\n\t\t\t\t\t\t<span class=\"elementor-button-content-wrapper\">\n\t\t\t\t\t\t<span class=\"elementor-button-text\">Hier Klicken<\/span>\n\t\t<\/span>\n\t\t\t\t\t<\/a>\n\t\t<\/div>\n\t\t\t\t<\/div>\n\t\t\t\t<\/div>\n\t\t\t\t\t\t<\/div>\n\t\t\t\t\t<\/div>\n\t\t<\/div>\n\t\t\t\t<div class=\"elementor-column elementor-col-50 elementor-top-column elementor-element elementor-element-9cbab8e\" data-id=\"9cbab8e\" data-element_type=\"column\">\n\t\t\t<div class=\"elementor-column-wrap elementor-element-populated\">\n\t\t\t\t\t\t\t<div class=\"elementor-widget-wrap\">\n\t\t\t\t\t\t<div class=\"elementor-element elementor-element-dc880a8 elementor-widget elementor-widget-image\" data-id=\"dc880a8\" data-element_type=\"widget\" data-widget_type=\"image.default\">\n\t\t\t\t<div class=\"elementor-widget-container\">\n\t\t\t\t\t\t\t\t<div class=\"elementor-image\">\n\t\t\t\t\t\t\t\t\t\t\t\t\t<a href=\"https:\/\/www.finke-oil.de\/oilfinder\" target=\"_blank\">\n\t\t\t\t\t\t\t<img loading=\"lazy\" decoding=\"async\" width=\"800\" height=\"465\" src=\"https:\/\/schmierstoffe-grund.de\/wp-content\/uploads\/2020\/06\/Bildschirmfoto-2020-06-02-um-10.17.19-1024x595.png\" class=\"attachment-large size-large wp-image-1058\" alt=\"Valvoline\" srcset=\"https:\/\/schmierstoffe-grund.de\/wp-content\/uploads\/2020\/06\/Bildschirmfoto-2020-06-02-um-10.17.19-1024x595.png 1024w, https:\/\/schmierstoffe-grund.de\/wp-content\/uploads\/2020\/06\/Bildschirmfoto-2020-06-02-um-10.17.19-300x174.png 300w, https:\/\/schmierstoffe-grund.de\/wp-content\/uploads\/2020\/06\/Bildschirmfoto-2020-06-02-um-10.17.19-768x446.png 768w, https:\/\/schmierstoffe-grund.de\/wp-content\/uploads\/2020\/06\/Bildschirmfoto-2020-06-02-um-10.17.19-1536x893.png 1536w, https:\/\/schmierstoffe-grund.de\/wp-content\/uploads\/2020\/06\/Bildschirmfoto-2020-06-02-um-10.17.19.png 1948w\" sizes=\"auto, (max-width: 800px) 100vw, 800px\" \/>\t\t\t\t\t\t\t\t<\/a>\n\t\t\t\t\t\t\t\t\t\t\t\t\t\t<\/div>\n\t\t\t\t\t\t<\/div>\n\t\t\t\t<\/div>\n\t\t\t\t<div class=\"elementor-element elementor-element-726021e elementor-align-center elementor-widget elementor-widget-button\" data-id=\"726021e\" data-element_type=\"widget\" data-widget_type=\"button.default\">\n\t\t\t\t<div class=\"elementor-widget-container\">\n\t\t\t\t\t<div class=\"elementor-button-wrapper\">\n\t\t\t<a href=\"https:\/\/www.finke-oil.de\/schmierstoffsuche\" class=\"elementor-button-link elementor-button elementor-size-sm\" role=\"button\">\n\t\t\t\t\t\t<span class=\"elementor-button-content-wrapper\">\n\t\t\t\t\t\t<span class=\"elementor-button-text\">Hier Klicken<\/span>\n\t\t<\/span>\n\t\t\t\t\t<\/a>\n\t\t<\/div>\n\t\t\t\t<\/div>\n\t\t\t\t<\/div>\n\t\t\t\t\t\t<\/div>\n\t\t\t\t\t<\/div>\n\t\t<\/div>\n\t\t\t\t\t\t\t\t<\/div>\n\t\t\t\t\t<\/div>\n\t\t<\/section>\n\t\t\t\t<section class=\"elementor-section elementor-top-section elementor-element elementor-element-6117837 elementor-section-boxed elementor-section-height-default elementor-section-height-default\" data-id=\"6117837\" data-element_type=\"section\">\n\t\t\t\t\t\t<div class=\"elementor-container elementor-column-gap-default\">\n\t\t\t\t\t\t\t<div class=\"elementor-row\">\n\t\t\t\t\t<div class=\"elementor-column elementor-col-50 elementor-top-column elementor-element elementor-element-ae8ea70\" data-id=\"ae8ea70\" data-element_type=\"column\">\n\t\t\t<div class=\"elementor-column-wrap elementor-element-populated\">\n\t\t\t\t\t\t\t<div class=\"elementor-widget-wrap\">\n\t\t\t\t\t\t<div class=\"elementor-element elementor-element-26c939d elementor-widget elementor-widget-image\" data-id=\"26c939d\" data-element_type=\"widget\" data-widget_type=\"image.default\">\n\t\t\t\t<div class=\"elementor-widget-container\">\n\t\t\t\t\t\t\t\t<div class=\"elementor-image\">\n\t\t\t\t\t\t\t\t\t\t\t\t\t<a href=\"https:\/\/www.pli-petronas.com\/de-de\/tools\/lub-recommender?io=y\" target=\"_blank\">\n\t\t\t\t\t\t\t<img loading=\"lazy\" decoding=\"async\" width=\"768\" height=\"482\" src=\"https:\/\/schmierstoffe-grund.de\/wp-content\/uploads\/2020\/06\/Bildschirmfoto-2020-06-02-um-10.17.33-768x482.png\" class=\"attachment-medium_large size-medium_large wp-image-1056\" alt=\"Valvoline\" srcset=\"https:\/\/schmierstoffe-grund.de\/wp-content\/uploads\/2020\/06\/Bildschirmfoto-2020-06-02-um-10.17.33-768x482.png 768w, https:\/\/schmierstoffe-grund.de\/wp-content\/uploads\/2020\/06\/Bildschirmfoto-2020-06-02-um-10.17.33-300x188.png 300w, https:\/\/schmierstoffe-grund.de\/wp-content\/uploads\/2020\/06\/Bildschirmfoto-2020-06-02-um-10.17.33-1024x643.png 1024w, https:\/\/schmierstoffe-grund.de\/wp-content\/uploads\/2020\/06\/Bildschirmfoto-2020-06-02-um-10.17.33-1536x964.png 1536w, https:\/\/schmierstoffe-grund.de\/wp-content\/uploads\/2020\/06\/Bildschirmfoto-2020-06-02-um-10.17.33.png 1992w\" sizes=\"auto, (max-width: 768px) 100vw, 768px\" \/>\t\t\t\t\t\t\t\t<\/a>\n\t\t\t\t\t\t\t\t\t\t\t\t\t\t<\/div>\n\t\t\t\t\t\t<\/div>\n\t\t\t\t<\/div>\n\t\t\t\t<div class=\"elementor-element elementor-element-3b23136 elementor-align-center elementor-widget elementor-widget-button\" data-id=\"3b23136\" data-element_type=\"widget\" data-widget_type=\"button.default\">\n\t\t\t\t<div class=\"elementor-widget-container\">\n\t\t\t\t\t<div class=\"elementor-button-wrapper\">\n\t\t\t<a href=\"https:\/\/www.pli-petronas.com\/de-de\/tools\/lub-recommender?io=y\" class=\"elementor-button-link elementor-button elementor-size-sm\" role=\"button\">\n\t\t\t\t\t\t<span class=\"elementor-button-content-wrapper\">\n\t\t\t\t\t\t<span class=\"elementor-button-text\">Hier Klicken<\/span>\n\t\t<\/span>\n\t\t\t\t\t<\/a>\n\t\t<\/div>\n\t\t\t\t<\/div>\n\t\t\t\t<\/div>\n\t\t\t\t\t\t<\/div>\n\t\t\t\t\t<\/div>\n\t\t<\/div>\n\t\t\t\t<div class=\"elementor-column elementor-col-50 elementor-top-column elementor-element elementor-element-d91848a\" data-id=\"d91848a\" data-element_type=\"column\">\n\t\t\t<div class=\"elementor-column-wrap elementor-element-populated\">\n\t\t\t\t\t\t\t<div class=\"elementor-widget-wrap\">\n\t\t\t\t\t\t<div class=\"elementor-element elementor-element-f1cd441 elementor-widget elementor-widget-image\" data-id=\"f1cd441\" data-element_type=\"widget\" data-widget_type=\"image.default\">\n\t\t\t\t<div class=\"elementor-widget-container\">\n\t\t\t\t\t\t\t\t<div class=\"elementor-image\">\n\t\t\t\t\t\t\t\t\t\t\t\t\t<a href=\"https:\/\/oilguide.ravenol.de\/?lang=de\" target=\"_blank\">\n\t\t\t\t\t\t\t<img loading=\"lazy\" decoding=\"async\" width=\"800\" height=\"372\" src=\"https:\/\/schmierstoffe-grund.de\/wp-content\/uploads\/2026\/01\/Screenshot-2026-01-07-142128-1-1024x476.png\" class=\"attachment-large size-large wp-image-1553\" alt=\"\" srcset=\"https:\/\/schmierstoffe-grund.de\/wp-content\/uploads\/2026\/01\/Screenshot-2026-01-07-142128-1-1024x476.png 1024w, https:\/\/schmierstoffe-grund.de\/wp-content\/uploads\/2026\/01\/Screenshot-2026-01-07-142128-1-300x139.png 300w, https:\/\/schmierstoffe-grund.de\/wp-content\/uploads\/2026\/01\/Screenshot-2026-01-07-142128-1-768x357.png 768w, https:\/\/schmierstoffe-grund.de\/wp-content\/uploads\/2026\/01\/Screenshot-2026-01-07-142128-1-1536x714.png 1536w, https:\/\/schmierstoffe-grund.de\/wp-content\/uploads\/2026\/01\/Screenshot-2026-01-07-142128-1-2048x952.png 2048w\" sizes=\"auto, (max-width: 800px) 100vw, 800px\" \/>\t\t\t\t\t\t\t\t<\/a>\n\t\t\t\t\t\t\t\t\t\t\t\t\t\t<\/div>\n\t\t\t\t\t\t<\/div>\n\t\t\t\t<\/div>\n\t\t\t\t<div class=\"elementor-element elementor-element-30b48e3 elementor-align-center elementor-widget elementor-widget-button\" data-id=\"30b48e3\" data-element_type=\"widget\" data-widget_type=\"button.default\">\n\t\t\t\t<div class=\"elementor-widget-container\">\n\t\t\t\t\t<div class=\"elementor-button-wrapper\">\n\t\t\t<a href=\"https:\/\/oilguide.ravenol.de\/?lang=de\" class=\"elementor-button-link elementor-button elementor-size-sm\" role=\"button\">\n\t\t\t\t\t\t<span class=\"elementor-button-content-wrapper\">\n\t\t\t\t\t\t<span class=\"elementor-button-text\">Hier Klicken<\/span>\n\t\t<\/span>\n\t\t\t\t\t<\/a>\n\t\t<\/div>\n\t\t\t\t<\/div>\n\t\t\t\t<\/div>\n\t\t\t\t\t\t<\/div>\n\t\t\t\t\t<\/div>\n\t\t<\/div>\n\t\t\t\t\t\t\t\t<\/div>\n\t\t\t\t\t<\/div>\n\t\t<\/section>\n\t\t\t\t<section class=\"elementor-section elementor-top-section elementor-element elementor-element-dcc854d elementor-reverse-mobile elementor-section-boxed elementor-section-height-default elementor-section-height-default\" data-id=\"dcc854d\" data-element_type=\"section\">\n\t\t\t\t\t\t<div class=\"elementor-container elementor-column-gap-wide\">\n\t\t\t\t\t\t\t<div class=\"elementor-row\">\n\t\t\t\t\t<div class=\"elementor-column elementor-col-100 elementor-top-column elementor-element elementor-element-d19defa\" data-id=\"d19defa\" data-element_type=\"column\">\n\t\t\t<div class=\"elementor-column-wrap elementor-element-populated\">\n\t\t\t\t\t\t\t<div class=\"elementor-widget-wrap\">\n\t\t\t\t\t\t<div class=\"elementor-element elementor-element-5a2dd0a elementor-widget elementor-widget-text-editor\" data-id=\"5a2dd0a\" data-element_type=\"widget\" data-widget_type=\"text-editor.default\">\n\t\t\t\t<div class=\"elementor-widget-container\">\n\t\t\t\t\t\t\t\t<div class=\"elementor-text-editor elementor-clearfix\">\n\t\t\t\t<h3 style=\"text-align: center;\"><span style=\"font-weight: bolder;\">Gerne beraten wir Sie telefonisch, per Mail oder vor Ort, zum Thema\u00a0<\/span>\u00d6lwegweiser<\/h3>\t\t\t\t\t<\/div>\n\t\t\t\t\t\t<\/div>\n\t\t\t\t<\/div>\n\t\t\t\t<div class=\"elementor-element elementor-element-a64a8a5 elementor-align-center elementor-widget elementor-widget-button\" data-id=\"a64a8a5\" data-element_type=\"widget\" data-widget_type=\"button.default\">\n\t\t\t\t<div class=\"elementor-widget-container\">\n\t\t\t\t\t<div class=\"elementor-button-wrapper\">\n\t\t\t<a href=\"https:\/\/schmierstoffe-grund.de\/?page_id=256\" class=\"elementor-button-link elementor-button elementor-size-lg\" role=\"button\">\n\t\t\t\t\t\t<span class=\"elementor-button-content-wrapper\">\n\t\t\t\t\t\t<span class=\"elementor-button-text\">Kontakt<\/span>\n\t\t<\/span>\n\t\t\t\t\t<\/a>\n\t\t<\/div>\n\t\t\t\t<\/div>\n\t\t\t\t<\/div>\n\t\t\t\t\t\t<\/div>\n\t\t\t\t\t<\/div>\n\t\t<\/div>\n\t\t\t\t\t\t\t\t<\/div>\n\t\t\t\t\t<\/div>\n\t\t<\/section>\n\t\t\t\t\t\t\t\t\t<\/div>\n\t\t\t<\/div>\n\t\t\t\t\t<\/div>\n\t\t","protected":false},"excerpt":{"rendered":"<p>\u00d6lwegweiser Mit den \u00d6lfindern unserer Zulieferer finden Sie das passende \u00d6l. Hier Klicken Hier Klicken Hier Klicken Hier Klicken Gerne beraten wir Sie telefonisch, per Mail oder vor Ort, zum Thema\u00a0\u00d6lwegweiser Kontakt<\/p>\n","protected":false},"author":1,"featured_media":0,"parent":0,"menu_order":0,"comment_status":"closed","ping_status":"closed","template":"elementor_header_footer","meta":{"footnotes":""},"class_list":["post-1053","page","type-page","status-publish","hentry"],"yoast_head":"<!-- This site is optimized with the Yoast SEO plugin v19.12 - https:\/\/yoast.com\/wordpress\/plugins\/seo\/ -->\n<title>\u00d6lwegweiser - GRUND GmbH<\/title>\n<meta name=\"robots\" content=\"index, follow, max-snippet:-1, max-image-preview:large, max-video-preview:-1\" \/>\n<link rel=\"canonical\" href=\"https:\/\/schmierstoffe-grund.de\/?page_id=1053\" \/>\n<meta property=\"og:locale\" content=\"de_DE\" \/>\n<meta property=\"og:type\" content=\"article\" \/>\n<meta property=\"og:title\" content=\"\u00d6lwegweiser - GRUND GmbH\" \/>\n<meta property=\"og:description\" content=\"\u00d6lwegweiser Mit den \u00d6lfindern unserer Zulieferer finden Sie das passende \u00d6l. Hier Klicken Hier Klicken Hier Klicken Hier Klicken Gerne beraten wir Sie telefonisch, per Mail oder vor Ort, zum Thema\u00a0\u00d6lwegweiser Kontakt\" \/>\n<meta property=\"og:url\" content=\"https:\/\/schmierstoffe-grund.de\/?page_id=1053\" \/>\n<meta property=\"og:site_name\" content=\"GRUND GmbH\" \/>\n<meta property=\"article:publisher\" content=\"https:\/\/www.facebook.com\/schmierstoffexperten\/\" \/>\n<meta property=\"article:modified_time\" content=\"2026-02-27T09:27:38+00:00\" \/>\n<meta property=\"og:image\" content=\"https:\/\/schmierstoffe-grund.de\/wp-content\/uploads\/elementor\/thumbs\/Private_Label_Blank-oe6vmjimlpr5bdq6h58akcd07jpuvtmfx9qqv7mxsw.jpg\" \/>\n<meta name=\"twitter:card\" content=\"summary_large_image\" \/>\n<meta name=\"twitter:label1\" content=\"Gesch\u00e4tzte Lesezeit\" \/>\n\t<meta name=\"twitter:data1\" content=\"2\u00a0Minuten\" \/>\n<script type=\"application\/ld+json\" class=\"yoast-schema-graph\">{\"@context\":\"https:\/\/schema.org\",\"@graph\":[{\"@type\":\"WebPage\",\"@id\":\"https:\/\/schmierstoffe-grund.de\/?page_id=1053\",\"url\":\"https:\/\/schmierstoffe-grund.de\/?page_id=1053\",\"name\":\"\u00d6lwegweiser - GRUND GmbH\",\"isPartOf\":{\"@id\":\"https:\/\/schmierstoffe-grund.de\/#website\"},\"datePublished\":\"2020-06-02T08:18:45+00:00\",\"dateModified\":\"2026-02-27T09:27:38+00:00\",\"breadcrumb\":{\"@id\":\"https:\/\/schmierstoffe-grund.de\/?page_id=1053#breadcrumb\"},\"inLanguage\":\"de\",\"potentialAction\":[{\"@type\":\"ReadAction\",\"target\":[\"https:\/\/schmierstoffe-grund.de\/?page_id=1053\"]}]},{\"@type\":\"BreadcrumbList\",\"@id\":\"https:\/\/schmierstoffe-grund.de\/?page_id=1053#breadcrumb\",\"itemListElement\":[{\"@type\":\"ListItem\",\"position\":1,\"name\":\"Startseite\",\"item\":\"https:\/\/schmierstoffe-grund.de\/\"},{\"@type\":\"ListItem\",\"position\":2,\"name\":\"\u00d6lwegweiser\"}]},{\"@type\":\"WebSite\",\"@id\":\"https:\/\/schmierstoffe-grund.de\/#website\",\"url\":\"https:\/\/schmierstoffe-grund.de\/\",\"name\":\"GRUND GmbH\",\"description\":\"Bewegung braucht Schmierung\",\"potentialAction\":[{\"@type\":\"SearchAction\",\"target\":{\"@type\":\"EntryPoint\",\"urlTemplate\":\"https:\/\/schmierstoffe-grund.de\/?s={search_term_string}\"},\"query-input\":\"required name=search_term_string\"}],\"inLanguage\":\"de\"}]}<\/script>\n<!-- \/ Yoast SEO plugin. -->","yoast_head_json":{"title":"\u00d6lwegweiser - GRUND GmbH","robots":{"index":"index","follow":"follow","max-snippet":"max-snippet:-1","max-image-preview":"max-image-preview:large","max-video-preview":"max-video-preview:-1"},"canonical":"https:\/\/schmierstoffe-grund.de\/?page_id=1053","og_locale":"de_DE","og_type":"article","og_title":"\u00d6lwegweiser - GRUND GmbH","og_description":"\u00d6lwegweiser Mit den \u00d6lfindern unserer Zulieferer finden Sie das passende \u00d6l. Hier Klicken Hier Klicken Hier Klicken Hier Klicken Gerne beraten wir Sie telefonisch, per Mail oder vor Ort, zum Thema\u00a0\u00d6lwegweiser Kontakt","og_url":"https:\/\/schmierstoffe-grund.de\/?page_id=1053","og_site_name":"GRUND GmbH","article_publisher":"https:\/\/www.facebook.com\/schmierstoffexperten\/","article_modified_time":"2026-02-27T09:27:38+00:00","og_image":[{"url":"https:\/\/schmierstoffe-grund.de\/wp-content\/uploads\/elementor\/thumbs\/Private_Label_Blank-oe6vmjimlpr5bdq6h58akcd07jpuvtmfx9qqv7mxsw.jpg"}],"twitter_card":"summary_large_image","twitter_misc":{"Gesch\u00e4tzte Lesezeit":"2\u00a0Minuten"},"schema":{"@context":"https:\/\/schema.org","@graph":[{"@type":"WebPage","@id":"https:\/\/schmierstoffe-grund.de\/?page_id=1053","url":"https:\/\/schmierstoffe-grund.de\/?page_id=1053","name":"\u00d6lwegweiser - GRUND GmbH","isPartOf":{"@id":"https:\/\/schmierstoffe-grund.de\/#website"},"datePublished":"2020-06-02T08:18:45+00:00","dateModified":"2026-02-27T09:27:38+00:00","breadcrumb":{"@id":"https:\/\/schmierstoffe-grund.de\/?page_id=1053#breadcrumb"},"inLanguage":"de","potentialAction":[{"@type":"ReadAction","target":["https:\/\/schmierstoffe-grund.de\/?page_id=1053"]}]},{"@type":"BreadcrumbList","@id":"https:\/\/schmierstoffe-grund.de\/?page_id=1053#breadcrumb","itemListElement":[{"@type":"ListItem","position":1,"name":"Startseite","item":"https:\/\/schmierstoffe-grund.de\/"},{"@type":"ListItem","position":2,"name":"\u00d6lwegweiser"}]},{"@type":"WebSite","@id":"https:\/\/schmierstoffe-grund.de\/#website","url":"https:\/\/schmierstoffe-grund.de\/","name":"GRUND GmbH","description":"Bewegung braucht Schmierung","potentialAction":[{"@type":"SearchAction","target":{"@type":"EntryPoint","urlTemplate":"https:\/\/schmierstoffe-grund.de\/?s={search_term_string}"},"query-input":"required name=search_term_string"}],"inLanguage":"de"}]}},"_links":{"self":[{"href":"https:\/\/schmierstoffe-grund.de\/index.php?rest_route=\/wp\/v2\/pages\/1053","targetHints":{"allow":["GET"]}}],"collection":[{"href":"https:\/\/schmierstoffe-grund.de\/index.php?rest_route=\/wp\/v2\/pages"}],"about":[{"href":"https:\/\/schmierstoffe-grund.de\/index.php?rest_route=\/wp\/v2\/types\/page"}],"author":[{"embeddable":true,"href":"https:\/\/schmierstoffe-grund.de\/index.php?rest_route=\/wp\/v2\/users\/1"}],"replies":[{"embeddable":true,"href":"https:\/\/schmierstoffe-grund.de\/index.php?rest_route=%2Fwp%2Fv2%2Fcomments&post=1053"}],"version-history":[{"count":17,"href":"https:\/\/schmierstoffe-grund.de\/index.php?rest_route=\/wp\/v2\/pages\/1053\/revisions"}],"predecessor-version":[{"id":1560,"href":"https:\/\/schmierstoffe-grund.de\/index.php?rest_route=\/wp\/v2\/pages\/1053\/revisions\/1560"}],"wp:attachment":[{"href":"https:\/\/schmierstoffe-grund.de\/index.php?rest_route=%2Fwp%2Fv2%2Fmedia&parent=1053"}],"curies":[{"name":"wp","href":"https:\/\/api.w.org\/{rel}","templated":true}]}}